{"id":1496,"date":"2025-07-08T17:27:35","date_gmt":"2025-07-08T15:27:35","guid":{"rendered":"https:\/\/marinaempuriabrava.es\/contacte\/"},"modified":"2026-04-13T17:06:42","modified_gmt":"2026-04-13T15:06:42","slug":"contacte","status":"publish","type":"page","link":"https:\/\/marinaempuriabrava.es\/ca\/contacte\/","title":{"rendered":"Contacte"},"content":{"rendered":"\t\t<div data-elementor-type=\"wp-page\" data-elementor-id=\"1496\" class=\"elementor elementor-1496 elementor-267\" data-elementor-post-type=\"page\">\n\t\t\t\t<div class=\"elementor-element elementor-element-24c624be e-con-full e-flex e-con e-parent\" data-id=\"24c624be\" data-element_type=\"container\" data-e-type=\"container\">\n\t\t<div class=\"elementor-element elementor-element-2f91744c e-con-full e-flex e-con e-child\" data-id=\"2f91744c\" data-element_type=\"container\" data-e-type=\"container\">\n\t\t\t\t<div class=\"elementor-element elementor-element-1c15fe3c animated-slow elementor-invisible elementor-widget elementor-widget-heading\" data-id=\"1c15fe3c\" data-element_type=\"widget\" data-e-type=\"widget\" data-settings=\"{&quot;_animation&quot;:&quot;fadeInLeft&quot;}\" data-widget_type=\"heading.default\">\n\t\t\t\t\t<h1 class=\"elementor-heading-title elementor-size-default\">Necessites m\u00e9s informaci\u00f3?<\/h1>\t\t\t\t<\/div>\n\t\t\t\t<div class=\"elementor-element elementor-element-4682b62d elementor-widget elementor-widget-text-editor\" data-id=\"4682b62d\" data-element_type=\"widget\" data-e-type=\"widget\" data-widget_type=\"text-editor.default\">\n\t\t\t\t\t\t\t\t\t<p>No dubtis a posar-te en contacte amb nosaltres.<\/p>\t\t\t\t\t\t\t\t<\/div>\n\t\t\t\t<div class=\"elementor-element elementor-element-59b77adf elementor-button-align-stretch elementor-widget elementor-widget-form\" data-id=\"59b77adf\" data-element_type=\"widget\" data-e-type=\"widget\" data-settings=\"{&quot;button_width&quot;:&quot;40&quot;,&quot;button_width_mobile&quot;:&quot;50&quot;,&quot;step_next_label&quot;:&quot;Seg\\u00fcent&quot;,&quot;step_previous_label&quot;:&quot;Anterior&quot;,&quot;step_type&quot;:&quot;number_text&quot;,&quot;step_icon_shape&quot;:&quot;circle&quot;}\" data-widget_type=\"form.default\">\n\t\t\t\t\t\t\t<form class=\"elementor-form\" method=\"post\" id=\"Contacto\" name=\"Nou formulari\" aria-label=\"Nou formulari\">\n\t\t\t<input type=\"hidden\" name=\"post_id\" value=\"1496\"\/>\n\t\t\t<input type=\"hidden\" name=\"form_id\" value=\"59b77adf\"\/>\n\t\t\t<input type=\"hidden\" name=\"referer_title\" value=\"Contacte - Marina Empuriabrava\" \/>\n\n\t\t\t\t\t\t\t<input type=\"hidden\" name=\"queried_id\" value=\"1496\"\/>\n\t\t\t\n\t\t\t<div class=\"elementor-form-fields-wrapper elementor-labels-\">\n\t\t\t\t\t\t\t\t<div class=\"elementor-field-type-text elementor-field-group elementor-column elementor-field-group-name elementor-col-50 elementor-field-required\">\n\t\t\t\t\t\t\t\t\t\t\t\t<label for=\"form-field-name\" class=\"elementor-field-label elementor-screen-only\">\n\t\t\t\t\t\t\t\tNom\t\t\t\t\t\t\t<\/label>\n\t\t\t\t\t\t\t\t\t\t\t\t\t\t<input size=\"1\" type=\"text\" name=\"form_fields[name]\" id=\"form-field-name\" class=\"elementor-field elementor-size-sm  elementor-field-textual\" placeholder=\"Nom\" required=\"required\">\n\t\t\t\t\t\t\t\t\t\t\t<\/div>\n\t\t\t\t\t\t\t\t<div class=\"elementor-field-type-text elementor-field-group elementor-column elementor-field-group-field_0c90d79 elementor-col-50 elementor-field-required\">\n\t\t\t\t\t\t\t\t\t\t\t\t<label for=\"form-field-field_0c90d79\" class=\"elementor-field-label elementor-screen-only\">\n\t\t\t\t\t\t\t\tCognoms\t\t\t\t\t\t\t<\/label>\n\t\t\t\t\t\t\t\t\t\t\t\t\t\t<input size=\"1\" type=\"text\" name=\"form_fields[field_0c90d79]\" id=\"form-field-field_0c90d79\" class=\"elementor-field elementor-size-sm  elementor-field-textual\" placeholder=\"Cognoms\" required=\"required\">\n\t\t\t\t\t\t\t\t\t\t\t<\/div>\n\t\t\t\t\t\t\t\t<div class=\"elementor-field-type-tel elementor-field-group elementor-column elementor-field-group-field_ce36946 elementor-col-50 elementor-field-required\">\n\t\t\t\t\t\t\t\t\t\t\t\t<label for=\"form-field-field_ce36946\" class=\"elementor-field-label elementor-screen-only\">\n\t\t\t\t\t\t\t\tTel\u00e8fon\t\t\t\t\t\t\t<\/label>\n\t\t\t\t\t\t\t\t<input size=\"1\" type=\"tel\" name=\"form_fields[field_ce36946]\" id=\"form-field-field_ce36946\" class=\"elementor-field elementor-size-sm  elementor-field-textual\" placeholder=\"Tel\u00e8fon\" required=\"required\" pattern=\"[0-9()#&amp;+*-=.]+\" title=\"Only numbers and phone characters (#, -, *, etc) are accepted.\">\n\n\t\t\t\t\t\t<\/div>\n\t\t\t\t\t\t\t\t<div class=\"elementor-field-type-email elementor-field-group elementor-column elementor-field-group-email elementor-col-50 elementor-field-required\">\n\t\t\t\t\t\t\t\t\t\t\t\t<label for=\"form-field-email\" class=\"elementor-field-label elementor-screen-only\">\n\t\t\t\t\t\t\t\tCorreu electr\u00f2nic\t\t\t\t\t\t\t<\/label>\n\t\t\t\t\t\t\t\t\t\t\t\t\t\t<input size=\"1\" type=\"email\" name=\"form_fields[email]\" id=\"form-field-email\" class=\"elementor-field elementor-size-sm  elementor-field-textual\" placeholder=\"E-mail\" required=\"required\">\n\t\t\t\t\t\t\t\t\t\t\t<\/div>\n\t\t\t\t\t\t\t\t<div class=\"elementor-field-type-text elementor-field-group elementor-column elementor-field-group-asunto elementor-col-100\">\n\t\t\t\t\t\t\t\t\t\t\t\t<label for=\"form-field-asunto\" class=\"elementor-field-label elementor-screen-only\">\n\t\t\t\t\t\t\t\tAssumpte\t\t\t\t\t\t\t<\/label>\n\t\t\t\t\t\t\t\t\t\t\t\t\t\t<input size=\"1\" type=\"text\" name=\"form_fields[asunto]\" id=\"form-field-asunto\" class=\"elementor-field elementor-size-sm  elementor-field-textual\" placeholder=\"Assumpte\">\n\t\t\t\t\t\t\t\t\t\t\t<\/div>\n\t\t\t\t\t\t\t\t<div class=\"elementor-field-type-textarea elementor-field-group elementor-column elementor-field-group-message elementor-col-100\">\n\t\t\t\t\t\t\t\t\t\t\t\t<label for=\"form-field-message\" class=\"elementor-field-label elementor-screen-only\">\n\t\t\t\t\t\t\t\tMissatge\t\t\t\t\t\t\t<\/label>\n\t\t\t\t\t\t<textarea class=\"elementor-field-textual elementor-field  elementor-size-sm\" name=\"form_fields[message]\" id=\"form-field-message\" rows=\"6\" placeholder=\"Explica&#039;ns com podem ajudar-te\"><\/textarea>\t\t\t\t<\/div>\n\t\t\t\t\t\t\t\t<div class=\"elementor-field-type-acceptance elementor-field-group elementor-column elementor-field-group-field_76408e5 elementor-col-100\">\n\t\t\t\t\t\t\t\t\t\t\t\t<label for=\"form-field-field_76408e5\" class=\"elementor-field-label elementor-screen-only\">\n\t\t\t\t\t\t\t\tAcceptaci\u00f3\t\t\t\t\t\t\t<\/label>\n\t\t\t\t\t\t\t\t<div class=\"elementor-field-subgroup\">\n\t\t\t<span class=\"elementor-field-option\">\n\t\t\t\t<input type=\"checkbox\" name=\"form_fields[field_76408e5]\" id=\"form-field-field_76408e5\" class=\"elementor-field elementor-size-sm  elementor-acceptance-field\">\n\t\t\t\t<label for=\"form-field-field_76408e5\">He llegit i accepto la <a href=\"politica-de-privadesa\" target=\"_blank\">politica-de-privadesa<\/a><\/label>\t\t\t<\/span>\n\t\t<\/div>\n\t\t\t\t\t\t<\/div>\n\t\t\t\t\t\t\t\t<div class=\"elementor-field-type-recaptcha_v3 elementor-field-group elementor-column elementor-field-group-field_f0c1ac1 elementor-col-100 recaptcha_v3-bottomright\">\n\t\t\t\t\t<div class=\"elementor-field\" id=\"form-field-field_f0c1ac1\"><div class=\"elementor-g-recaptcha\" data-sitekey=\"6LdD-IwrAAAAAAwLoaLzjDStDDdtU3hdPbTXquLZ\" data-type=\"v3\" data-action=\"Form\" data-badge=\"bottomright\" data-size=\"invisible\"><\/div><\/div>\t\t\t\t<\/div>\n\t\t\t\t\t\t\t\t<div class=\"elementor-field-group elementor-column elementor-field-type-submit elementor-col-40 e-form__buttons elementor-sm-50\">\n\t\t\t\t\t<button class=\"elementor-button elementor-size-sm\" type=\"submit\">\n\t\t\t\t\t\t<span class=\"elementor-button-content-wrapper\">\n\t\t\t\t\t\t\t\t\t\t\t\t\t\t\t\t\t\t\t\t\t\t<span class=\"elementor-button-text\">Enviar<\/span>\n\t\t\t\t\t\t\t\t\t\t\t\t\t<\/span>\n\t\t\t\t\t<\/button>\n\t\t\t\t<\/div>\n\t\t\t<\/div>\n\t\t<\/form>\n\t\t\t\t\t\t<\/div>\n\t\t\t\t<\/div>\n\t\t<div class=\"elementor-element elementor-element-393690f1 e-con-full e-flex e-con e-child\" data-id=\"393690f1\" data-element_type=\"container\" data-e-type=\"container\" data-settings=\"{&quot;background_background&quot;:&quot;classic&quot;}\">\n\t\t\t\t<div class=\"elementor-element elementor-element-2ad0354d elementor-widget elementor-widget-spacer\" data-id=\"2ad0354d\" data-element_type=\"widget\" data-e-type=\"widget\" data-widget_type=\"spacer.default\">\n\t\t\t\t\t\t\t<div class=\"elementor-spacer\">\n\t\t\t<div class=\"elementor-spacer-inner\"><\/div>\n\t\t<\/div>\n\t\t\t\t\t\t<\/div>\n\t\t\t\t<\/div>\n\t\t\t\t<\/div>\n\t\t<div class=\"elementor-element elementor-element-59aec555 e-flex e-con-boxed e-con e-parent\" data-id=\"59aec555\" data-element_type=\"container\" data-e-type=\"container\" data-settings=\"{&quot;background_background&quot;:&quot;classic&quot;}\">\n\t\t\t\t\t<div class=\"e-con-inner\">\n\t\t\t\t<div class=\"elementor-element elementor-element-2f54a825 elementor-headline--style-highlight elementor-widget elementor-widget-animated-headline\" data-id=\"2f54a825\" data-element_type=\"widget\" data-e-type=\"widget\" data-settings=\"{&quot;highlighted_text&quot;:&quot;N\\u00e0uplia &quot;,&quot;headline_style&quot;:&quot;highlight&quot;,&quot;marker&quot;:&quot;circle&quot;,&quot;highlight_animation_duration&quot;:1200}\" data-widget_type=\"animated-headline.default\">\n\t\t\t\t\t\t\t<h3 class=\"elementor-headline\">\n\t\t\t\t\t<span class=\"elementor-headline-plain-text elementor-headline-text-wrapper\">Vols descobrir tots els altres ports que el nostre grup, <\/span>\n\t\t\t\t<span class=\"elementor-headline-dynamic-wrapper elementor-headline-text-wrapper\">\n\t\t\t\t\t<span class=\"elementor-headline-dynamic-text elementor-headline-text-active\">N\u00e0uplia <\/span>\n\t\t\t\t<\/span>\n\t\t\t\t\t<span class=\"elementor-headline-plain-text elementor-headline-text-wrapper\">, t\u00e9 per oferir-te?<\/span>\n\t\t\t\t\t<\/h3>\n\t\t\t\t\t\t<\/div>\n\t\t\t\t<div class=\"elementor-element elementor-element-a2edef6 elementor-align-center elementor-widget elementor-widget-button\" data-id=\"a2edef6\" data-element_type=\"widget\" data-e-type=\"widget\" data-widget_type=\"button.default\">\n\t\t\t\t\t\t\t\t\t\t<a class=\"elementor-button elementor-button-link elementor-size-sm\" href=\"https:\/\/naupliacapital.com\/\" target=\"_blank\" id=\"nauplia\">\n\t\t\t\t\t\t<span class=\"elementor-button-content-wrapper\">\n\t\t\t\t\t\t\t\t\t<span class=\"elementor-button-text\">Descobreix-los aqu\u00ed<\/span>\n\t\t\t\t\t<\/span>\n\t\t\t\t\t<\/a>\n\t\t\t\t\t\t\t\t<\/div>\n\t\t\t\t\t<\/div>\n\t\t\t\t<\/div>\n\t\t\t\t<\/div>\n\t\t","protected":false},"excerpt":{"rendered":"<p>Necessites m\u00e9s informaci\u00f3? No dubtis a posar-te en contacte amb nosaltres a trav\u00e9s del nostre correu electr\u00f2nic o omplint el formulari.  <\/p>\n","protected":false},"author":1,"featured_media":1191,"parent":0,"menu_order":0,"comment_status":"closed","ping_status":"closed","template":"elementor_header_footer","meta":{"footnotes":""},"class_list":["post-1496","page","type-page","status-publish","has-post-thumbnail","hentry"],"yoast_head":"<!-- This site is optimized with the Yoast SEO plugin v27.3 - https:\/\/yoast.com\/product\/yoast-seo-wordpress\/ -->\n<title>Contacte - Marina Empuriabrava<\/title>\n<meta name=\"description\" content=\"Necessites m\u00e9s informaci\u00f3? No dubtis a posar-te en contacte amb nosaltres a trav\u00e9s del nostre correu electr\u00f2nic o omplint el formulari.\" \/>\n<meta name=\"robots\" content=\"index, follow, max-snippet:-1, max-image-preview:large, max-video-preview:-1\" \/>\n<link rel=\"canonical\" href=\"https:\/\/marinaempuriabrava.es\/ca\/contacte\/\" \/>\n<meta property=\"og:locale\" content=\"ca_ES\" \/>\n<meta property=\"og:type\" content=\"article\" \/>\n<meta property=\"og:title\" content=\"Contacte - Marina Empuriabrava\" \/>\n<meta property=\"og:description\" content=\"Necessites m\u00e9s informaci\u00f3? No dubtis a posar-te en contacte amb nosaltres a trav\u00e9s del nostre correu electr\u00f2nic o omplint el formulari.\" \/>\n<meta property=\"og:url\" content=\"https:\/\/marinaempuriabrava.es\/ca\/contacte\/\" \/>\n<meta property=\"og:site_name\" content=\"Marina Empuriabrava\" \/>\n<meta property=\"article:modified_time\" content=\"2026-04-13T15:06:42+00:00\" \/>\n<meta property=\"og:image\" content=\"https:\/\/marinaempuriabrava.es\/wp-content\/uploads\/2025\/07\/contacto-banner.jpg\" \/>\n\t<meta property=\"og:image:width\" content=\"868\" \/>\n\t<meta property=\"og:image:height\" content=\"744\" \/>\n\t<meta property=\"og:image:type\" content=\"image\/jpeg\" \/>\n<meta name=\"twitter:card\" content=\"summary_large_image\" \/>\n<script type=\"application\/ld+json\" class=\"yoast-schema-graph\">{\"@context\":\"https:\\\/\\\/schema.org\",\"@graph\":[{\"@type\":\"WebPage\",\"@id\":\"https:\\\/\\\/marinaempuriabrava.es\\\/ca\\\/contacte\\\/\",\"url\":\"https:\\\/\\\/marinaempuriabrava.es\\\/ca\\\/contacte\\\/\",\"name\":\"Contacte - Marina Empuriabrava\",\"isPartOf\":{\"@id\":\"https:\\\/\\\/marinaempuriabrava.es\\\/ca\\\/#website\"},\"primaryImageOfPage\":{\"@id\":\"https:\\\/\\\/marinaempuriabrava.es\\\/ca\\\/contacte\\\/#primaryimage\"},\"image\":{\"@id\":\"https:\\\/\\\/marinaempuriabrava.es\\\/ca\\\/contacte\\\/#primaryimage\"},\"thumbnailUrl\":\"https:\\\/\\\/marinaempuriabrava.es\\\/wp-content\\\/uploads\\\/2025\\\/07\\\/contacto-banner.jpg\",\"datePublished\":\"2025-07-08T15:27:35+00:00\",\"dateModified\":\"2026-04-13T15:06:42+00:00\",\"description\":\"Necessites m\u00e9s informaci\u00f3? No dubtis a posar-te en contacte amb nosaltres a trav\u00e9s del nostre correu electr\u00f2nic o omplint el formulari.\",\"breadcrumb\":{\"@id\":\"https:\\\/\\\/marinaempuriabrava.es\\\/ca\\\/contacte\\\/#breadcrumb\"},\"inLanguage\":\"ca\",\"potentialAction\":[{\"@type\":\"ReadAction\",\"target\":[\"https:\\\/\\\/marinaempuriabrava.es\\\/ca\\\/contacte\\\/\"]}]},{\"@type\":\"ImageObject\",\"inLanguage\":\"ca\",\"@id\":\"https:\\\/\\\/marinaempuriabrava.es\\\/ca\\\/contacte\\\/#primaryimage\",\"url\":\"https:\\\/\\\/marinaempuriabrava.es\\\/wp-content\\\/uploads\\\/2025\\\/07\\\/contacto-banner.jpg\",\"contentUrl\":\"https:\\\/\\\/marinaempuriabrava.es\\\/wp-content\\\/uploads\\\/2025\\\/07\\\/contacto-banner.jpg\",\"width\":868,\"height\":744,\"caption\":\"Contacto Marina Empuriabrava\"},{\"@type\":\"BreadcrumbList\",\"@id\":\"https:\\\/\\\/marinaempuriabrava.es\\\/ca\\\/contacte\\\/#breadcrumb\",\"itemListElement\":[{\"@type\":\"ListItem\",\"position\":1,\"name\":\"Portada\",\"item\":\"https:\\\/\\\/marinaempuriabrava.es\\\/ca\\\/home\\\/\"},{\"@type\":\"ListItem\",\"position\":2,\"name\":\"Contacte\"}]},{\"@type\":\"WebSite\",\"@id\":\"https:\\\/\\\/marinaempuriabrava.es\\\/ca\\\/#website\",\"url\":\"https:\\\/\\\/marinaempuriabrava.es\\\/ca\\\/\",\"name\":\"Marina Empuriabrava\",\"description\":\"Un puerto diferente en plena Costa Brava\",\"publisher\":{\"@id\":\"https:\\\/\\\/marinaempuriabrava.es\\\/ca\\\/#organization\"},\"potentialAction\":[{\"@type\":\"SearchAction\",\"target\":{\"@type\":\"EntryPoint\",\"urlTemplate\":\"https:\\\/\\\/marinaempuriabrava.es\\\/ca\\\/?s={search_term_string}\"},\"query-input\":{\"@type\":\"PropertyValueSpecification\",\"valueRequired\":true,\"valueName\":\"search_term_string\"}}],\"inLanguage\":\"ca\"},{\"@type\":\"Organization\",\"@id\":\"https:\\\/\\\/marinaempuriabrava.es\\\/ca\\\/#organization\",\"name\":\"Marina Empuriabrava\",\"url\":\"https:\\\/\\\/marinaempuriabrava.es\\\/ca\\\/\",\"logo\":{\"@type\":\"ImageObject\",\"inLanguage\":\"ca\",\"@id\":\"https:\\\/\\\/marinaempuriabrava.es\\\/ca\\\/#\\\/schema\\\/logo\\\/image\\\/\",\"url\":\"https:\\\/\\\/marinaempuriabrava.es\\\/wp-content\\\/uploads\\\/2025\\\/07\\\/Logo_Final_Empuriabrava_RGB_Logo-Principal-Marina-Empuriabrava.svg\",\"contentUrl\":\"https:\\\/\\\/marinaempuriabrava.es\\\/wp-content\\\/uploads\\\/2025\\\/07\\\/Logo_Final_Empuriabrava_RGB_Logo-Principal-Marina-Empuriabrava.svg\",\"width\":1200,\"height\":1200,\"caption\":\"Marina Empuriabrava\"},\"image\":{\"@id\":\"https:\\\/\\\/marinaempuriabrava.es\\\/ca\\\/#\\\/schema\\\/logo\\\/image\\\/\"}}]}<\/script>\n<!-- \/ Yoast SEO plugin. -->","yoast_head_json":{"title":"Contacte - Marina Empuriabrava","description":"Necessites m\u00e9s informaci\u00f3? No dubtis a posar-te en contacte amb nosaltres a trav\u00e9s del nostre correu electr\u00f2nic o omplint el formulari.","robots":{"index":"index","follow":"follow","max-snippet":"max-snippet:-1","max-image-preview":"max-image-preview:large","max-video-preview":"max-video-preview:-1"},"canonical":"https:\/\/marinaempuriabrava.es\/ca\/contacte\/","og_locale":"ca_ES","og_type":"article","og_title":"Contacte - Marina Empuriabrava","og_description":"Necessites m\u00e9s informaci\u00f3? No dubtis a posar-te en contacte amb nosaltres a trav\u00e9s del nostre correu electr\u00f2nic o omplint el formulari.","og_url":"https:\/\/marinaempuriabrava.es\/ca\/contacte\/","og_site_name":"Marina Empuriabrava","article_modified_time":"2026-04-13T15:06:42+00:00","og_image":[{"width":868,"height":744,"url":"https:\/\/marinaempuriabrava.es\/wp-content\/uploads\/2025\/07\/contacto-banner.jpg","type":"image\/jpeg"}],"twitter_card":"summary_large_image","schema":{"@context":"https:\/\/schema.org","@graph":[{"@type":"WebPage","@id":"https:\/\/marinaempuriabrava.es\/ca\/contacte\/","url":"https:\/\/marinaempuriabrava.es\/ca\/contacte\/","name":"Contacte - Marina Empuriabrava","isPartOf":{"@id":"https:\/\/marinaempuriabrava.es\/ca\/#website"},"primaryImageOfPage":{"@id":"https:\/\/marinaempuriabrava.es\/ca\/contacte\/#primaryimage"},"image":{"@id":"https:\/\/marinaempuriabrava.es\/ca\/contacte\/#primaryimage"},"thumbnailUrl":"https:\/\/marinaempuriabrava.es\/wp-content\/uploads\/2025\/07\/contacto-banner.jpg","datePublished":"2025-07-08T15:27:35+00:00","dateModified":"2026-04-13T15:06:42+00:00","description":"Necessites m\u00e9s informaci\u00f3? No dubtis a posar-te en contacte amb nosaltres a trav\u00e9s del nostre correu electr\u00f2nic o omplint el formulari.","breadcrumb":{"@id":"https:\/\/marinaempuriabrava.es\/ca\/contacte\/#breadcrumb"},"inLanguage":"ca","potentialAction":[{"@type":"ReadAction","target":["https:\/\/marinaempuriabrava.es\/ca\/contacte\/"]}]},{"@type":"ImageObject","inLanguage":"ca","@id":"https:\/\/marinaempuriabrava.es\/ca\/contacte\/#primaryimage","url":"https:\/\/marinaempuriabrava.es\/wp-content\/uploads\/2025\/07\/contacto-banner.jpg","contentUrl":"https:\/\/marinaempuriabrava.es\/wp-content\/uploads\/2025\/07\/contacto-banner.jpg","width":868,"height":744,"caption":"Contacto Marina Empuriabrava"},{"@type":"BreadcrumbList","@id":"https:\/\/marinaempuriabrava.es\/ca\/contacte\/#breadcrumb","itemListElement":[{"@type":"ListItem","position":1,"name":"Portada","item":"https:\/\/marinaempuriabrava.es\/ca\/home\/"},{"@type":"ListItem","position":2,"name":"Contacte"}]},{"@type":"WebSite","@id":"https:\/\/marinaempuriabrava.es\/ca\/#website","url":"https:\/\/marinaempuriabrava.es\/ca\/","name":"Marina Empuriabrava","description":"Un puerto diferente en plena Costa Brava","publisher":{"@id":"https:\/\/marinaempuriabrava.es\/ca\/#organization"},"potentialAction":[{"@type":"SearchAction","target":{"@type":"EntryPoint","urlTemplate":"https:\/\/marinaempuriabrava.es\/ca\/?s={search_term_string}"},"query-input":{"@type":"PropertyValueSpecification","valueRequired":true,"valueName":"search_term_string"}}],"inLanguage":"ca"},{"@type":"Organization","@id":"https:\/\/marinaempuriabrava.es\/ca\/#organization","name":"Marina Empuriabrava","url":"https:\/\/marinaempuriabrava.es\/ca\/","logo":{"@type":"ImageObject","inLanguage":"ca","@id":"https:\/\/marinaempuriabrava.es\/ca\/#\/schema\/logo\/image\/","url":"https:\/\/marinaempuriabrava.es\/wp-content\/uploads\/2025\/07\/Logo_Final_Empuriabrava_RGB_Logo-Principal-Marina-Empuriabrava.svg","contentUrl":"https:\/\/marinaempuriabrava.es\/wp-content\/uploads\/2025\/07\/Logo_Final_Empuriabrava_RGB_Logo-Principal-Marina-Empuriabrava.svg","width":1200,"height":1200,"caption":"Marina Empuriabrava"},"image":{"@id":"https:\/\/marinaempuriabrava.es\/ca\/#\/schema\/logo\/image\/"}}]}},"_links":{"self":[{"href":"https:\/\/marinaempuriabrava.es\/ca\/wp-json\/wp\/v2\/pages\/1496","targetHints":{"allow":["GET"]}}],"collection":[{"href":"https:\/\/marinaempuriabrava.es\/ca\/wp-json\/wp\/v2\/pages"}],"about":[{"href":"https:\/\/marinaempuriabrava.es\/ca\/wp-json\/wp\/v2\/types\/page"}],"author":[{"embeddable":true,"href":"https:\/\/marinaempuriabrava.es\/ca\/wp-json\/wp\/v2\/users\/1"}],"replies":[{"embeddable":true,"href":"https:\/\/marinaempuriabrava.es\/ca\/wp-json\/wp\/v2\/comments?post=1496"}],"version-history":[{"count":2,"href":"https:\/\/marinaempuriabrava.es\/ca\/wp-json\/wp\/v2\/pages\/1496\/revisions"}],"predecessor-version":[{"id":2360,"href":"https:\/\/marinaempuriabrava.es\/ca\/wp-json\/wp\/v2\/pages\/1496\/revisions\/2360"}],"wp:featuredmedia":[{"embeddable":true,"href":"https:\/\/marinaempuriabrava.es\/ca\/wp-json\/wp\/v2\/media\/1191"}],"wp:attachment":[{"href":"https:\/\/marinaempuriabrava.es\/ca\/wp-json\/wp\/v2\/media?parent=1496"}],"curies":[{"name":"wp","href":"https:\/\/api.w.org\/{rel}","templated":true}]}}