{"id":1504,"date":"2025-07-08T17:27:31","date_gmt":"2025-07-08T15:27:31","guid":{"rendered":"https:\/\/marinaempuriabrava.es\/reservar-amarratge\/"},"modified":"2026-04-20T11:46:55","modified_gmt":"2026-04-20T09:46:55","slug":"reservar-amarratge","status":"publish","type":"page","link":"https:\/\/marinaempuriabrava.es\/ca\/reservar-amarratge\/","title":{"rendered":"Reservar amarratge"},"content":{"rendered":"\t\t<div data-elementor-type=\"wp-page\" data-elementor-id=\"1504\" class=\"elementor elementor-1504 elementor-212\" data-elementor-post-type=\"page\">\n\t\t\t\t<div class=\"elementor-element elementor-element-24a36906 e-con-full e-flex e-con e-parent\" data-id=\"24a36906\" data-element_type=\"container\" data-e-type=\"container\">\n\t\t<div class=\"elementor-element elementor-element-25d20414 e-con-full e-flex e-con e-child\" data-id=\"25d20414\" data-element_type=\"container\" data-e-type=\"container\">\n\t\t\t\t<div class=\"elementor-element elementor-element-355e358e animated-slow elementor-headline--style-highlight elementor-invisible elementor-widget elementor-widget-animated-headline\" data-id=\"355e358e\" data-element_type=\"widget\" data-e-type=\"widget\" data-settings=\"{&quot;highlighted_text&quot;:&quot;amarratge &quot;,&quot;marker&quot;:&quot;underline&quot;,&quot;highlight_animation_duration&quot;:1,&quot;_animation&quot;:&quot;fadeInLeft&quot;,&quot;headline_style&quot;:&quot;highlight&quot;}\" data-widget_type=\"animated-headline.default\">\n\t\t\t\t\t\t\t<h1 class=\"elementor-headline\">\n\t\t\t\t\t<span class=\"elementor-headline-plain-text elementor-headline-text-wrapper\">Reserva el teu<\/span>\n\t\t\t\t<span class=\"elementor-headline-dynamic-wrapper elementor-headline-text-wrapper\">\n\t\t\t\t\t<span class=\"elementor-headline-dynamic-text elementor-headline-text-active\">amarratge <\/span>\n\t\t\t\t<\/span>\n\t\t\t\t<\/h1>\n\t\t\t\t\t\t<\/div>\n\t\t\t\t<div class=\"elementor-element elementor-element-3ca28c1e elementor-button-align-stretch elementor-widget elementor-widget-form\" data-id=\"3ca28c1e\" data-element_type=\"widget\" data-e-type=\"widget\" data-settings=\"{&quot;button_width&quot;:&quot;40&quot;,&quot;button_width_mobile&quot;:&quot;50&quot;,&quot;step_next_label&quot;:&quot;Seg\\u00fcent&quot;,&quot;step_previous_label&quot;:&quot;Anterior&quot;,&quot;step_type&quot;:&quot;number_text&quot;,&quot;step_icon_shape&quot;:&quot;circle&quot;}\" data-widget_type=\"form.default\">\n\t\t\t\t\t\t\t<form class=\"elementor-form\" method=\"post\" name=\"Formulari-Reserves\" aria-label=\"Formulari-Reserves\">\n\t\t\t<input type=\"hidden\" name=\"post_id\" value=\"1504\"\/>\n\t\t\t<input type=\"hidden\" name=\"form_id\" value=\"3ca28c1e\"\/>\n\t\t\t<input type=\"hidden\" name=\"referer_title\" value=\"Reservar amarratge - Marina Empuriabrava\" \/>\n\n\t\t\t\t\t\t\t<input type=\"hidden\" name=\"queried_id\" value=\"1504\"\/>\n\t\t\t\n\t\t\t<div class=\"elementor-form-fields-wrapper elementor-labels-above\">\n\t\t\t\t\t\t\t\t<div class=\"elementor-field-type-text elementor-field-group elementor-column elementor-field-group-name elementor-col-50 elementor-sm-50 elementor-field-required elementor-mark-required\">\n\t\t\t\t\t\t\t\t\t\t\t\t<label for=\"form-field-name\" class=\"elementor-field-label\">\n\t\t\t\t\t\t\t\tNom\t\t\t\t\t\t\t<\/label>\n\t\t\t\t\t\t\t\t\t\t\t\t\t\t<input size=\"1\" type=\"text\" name=\"form_fields[name]\" id=\"form-field-name\" class=\"elementor-field elementor-size-sm  elementor-field-textual\" required=\"required\">\n\t\t\t\t\t\t\t\t\t\t\t<\/div>\n\t\t\t\t\t\t\t\t<div class=\"elementor-field-type-text elementor-field-group elementor-column elementor-field-group-apellidos elementor-col-50 elementor-sm-50 elementor-field-required elementor-mark-required\">\n\t\t\t\t\t\t\t\t\t\t\t\t<label for=\"form-field-apellidos\" class=\"elementor-field-label\">\n\t\t\t\t\t\t\t\tCognoms\t\t\t\t\t\t\t<\/label>\n\t\t\t\t\t\t\t\t\t\t\t\t\t\t<input size=\"1\" type=\"text\" name=\"form_fields[apellidos]\" id=\"form-field-apellidos\" class=\"elementor-field elementor-size-sm  elementor-field-textual\" required=\"required\">\n\t\t\t\t\t\t\t\t\t\t\t<\/div>\n\t\t\t\t\t\t\t\t<div class=\"elementor-field-type-text elementor-field-group elementor-column elementor-field-group-dni elementor-col-50 elementor-field-required elementor-mark-required\">\n\t\t\t\t\t\t\t\t\t\t\t\t<label for=\"form-field-dni\" class=\"elementor-field-label\">\n\t\t\t\t\t\t\t\tDNI\/Passaport\t\t\t\t\t\t\t<\/label>\n\t\t\t\t\t\t\t\t\t\t\t\t\t\t<input size=\"1\" type=\"text\" name=\"form_fields[dni]\" id=\"form-field-dni\" class=\"elementor-field elementor-size-sm  elementor-field-textual\" required=\"required\">\n\t\t\t\t\t\t\t\t\t\t\t<\/div>\n\t\t\t\t\t\t\t\t<div class=\"elementor-field-type-text elementor-field-group elementor-column elementor-field-group-ciudad elementor-col-50 elementor-field-required elementor-mark-required\">\n\t\t\t\t\t\t\t\t\t\t\t\t<label for=\"form-field-ciudad\" class=\"elementor-field-label\">\n\t\t\t\t\t\t\t\tCiutat, Pa\u00eds\t\t\t\t\t\t\t<\/label>\n\t\t\t\t\t\t\t\t\t\t\t\t\t\t<input size=\"1\" type=\"text\" name=\"form_fields[ciudad]\" id=\"form-field-ciudad\" class=\"elementor-field elementor-size-sm  elementor-field-textual\" required=\"required\">\n\t\t\t\t\t\t\t\t\t\t\t<\/div>\n\t\t\t\t\t\t\t\t<div class=\"elementor-field-type-email elementor-field-group elementor-column elementor-field-group-email elementor-col-50 elementor-field-required elementor-mark-required\">\n\t\t\t\t\t\t\t\t\t\t\t\t<label for=\"form-field-email\" class=\"elementor-field-label\">\n\t\t\t\t\t\t\t\tCorreu electr\u00f2nic\t\t\t\t\t\t\t<\/label>\n\t\t\t\t\t\t\t\t\t\t\t\t\t\t<input size=\"1\" type=\"email\" name=\"form_fields[email]\" id=\"form-field-email\" class=\"elementor-field elementor-size-sm  elementor-field-textual\" required=\"required\">\n\t\t\t\t\t\t\t\t\t\t\t<\/div>\n\t\t\t\t\t\t\t\t<div class=\"elementor-field-type-tel elementor-field-group elementor-column elementor-field-group-telefono elementor-col-50 elementor-field-required elementor-mark-required\">\n\t\t\t\t\t\t\t\t\t\t\t\t<label for=\"form-field-telefono\" class=\"elementor-field-label\">\n\t\t\t\t\t\t\t\tTel\u00e8fon\t\t\t\t\t\t\t<\/label>\n\t\t\t\t\t\t\t\t<input size=\"1\" type=\"tel\" name=\"form_fields[telefono]\" id=\"form-field-telefono\" class=\"elementor-field elementor-size-sm  elementor-field-textual\" required=\"required\" pattern=\"[0-9()#&amp;+*-=.]+\" title=\"Only numbers and phone characters (#, -, *, etc) are accepted.\">\n\n\t\t\t\t\t\t<\/div>\n\t\t\t\t\t\t\t\t<div class=\"elementor-field-type-text elementor-field-group elementor-column elementor-field-group-nombre_barco elementor-col-50 elementor-sm-50 elementor-field-required elementor-mark-required\">\n\t\t\t\t\t\t\t\t\t\t\t\t<label for=\"form-field-nombre_barco\" class=\"elementor-field-label\">\n\t\t\t\t\t\t\t\tNom vaixell\t\t\t\t\t\t\t<\/label>\n\t\t\t\t\t\t\t\t\t\t\t\t\t\t<input size=\"1\" type=\"text\" name=\"form_fields[nombre_barco]\" id=\"form-field-nombre_barco\" class=\"elementor-field elementor-size-sm  elementor-field-textual\" required=\"required\">\n\t\t\t\t\t\t\t\t\t\t\t<\/div>\n\t\t\t\t\t\t\t\t<div class=\"elementor-field-type-select elementor-field-group elementor-column elementor-field-group-tipo_barco elementor-col-50 elementor-sm-50 elementor-field-required elementor-mark-required\">\n\t\t\t\t\t\t\t\t\t\t\t\t<label for=\"form-field-tipo_barco\" class=\"elementor-field-label\">\n\t\t\t\t\t\t\t\tTipus de vaixell\t\t\t\t\t\t\t<\/label>\n\t\t\t\t\t\t\t\t<div class=\"elementor-field elementor-select-wrapper remove-before \">\n\t\t\t<div class=\"select-caret-down-wrapper\">\n\t\t\t\t<svg aria-hidden=\"true\" class=\"e-font-icon-svg e-eicon-caret-down\" viewBox=\"0 0 571.4 571.4\" xmlns=\"http:\/\/www.w3.org\/2000\/svg\"><path d=\"M571 393Q571 407 561 418L311 668Q300 679 286 679T261 668L11 418Q0 407 0 393T11 368 36 357H536Q550 357 561 368T571 393Z\"><\/path><\/svg>\t\t\t<\/div>\n\t\t\t<select name=\"form_fields[tipo_barco]\" id=\"form-field-tipo_barco\" class=\"elementor-field-textual elementor-size-sm\" required=\"required\">\n\t\t\t\t\t\t\t\t\t<option value=\"\"><\/option>\n\t\t\t\t\t\t\t\t\t<option value=\"Catamar\u00e0\">Catamar\u00e0<\/option>\n\t\t\t\t\t\t\t\t\t<option value=\"Veler\">Veler<\/option>\n\t\t\t\t\t\t\t\t\t<option value=\"Motora\">Motora<\/option>\n\t\t\t\t\t\t\t\t\t<option value=\"Altres\">Altres<\/option>\n\t\t\t\t\t\t\t<\/select>\n\t\t<\/div>\n\t\t\t\t\t\t<\/div>\n\t\t\t\t\t\t\t\t<div class=\"elementor-field-type-number elementor-field-group elementor-column elementor-field-group-eslora elementor-col-33 elementor-sm-50 elementor-field-required elementor-mark-required\">\n\t\t\t\t\t\t\t\t\t\t\t\t<label for=\"form-field-eslora\" class=\"elementor-field-label\">\n\t\t\t\t\t\t\t\tEslora\t\t\t\t\t\t\t<\/label>\n\t\t\t\t\t\t\t\t\t<input type=\"number\" name=\"form_fields[eslora]\" id=\"form-field-eslora\" class=\"elementor-field elementor-size-sm  elementor-field-textual\" required=\"required\" min=\"\" max=\"\" >\n\t\t\t\t\t\t<\/div>\n\t\t\t\t\t\t\t\t<div class=\"elementor-field-type-number elementor-field-group elementor-column elementor-field-group-manga elementor-col-33 elementor-sm-50 elementor-field-required elementor-mark-required\">\n\t\t\t\t\t\t\t\t\t\t\t\t<label for=\"form-field-manga\" class=\"elementor-field-label\">\n\t\t\t\t\t\t\t\tM\u00e0niga\t\t\t\t\t\t\t<\/label>\n\t\t\t\t\t\t\t\t\t<input type=\"number\" name=\"form_fields[manga]\" id=\"form-field-manga\" class=\"elementor-field elementor-size-sm  elementor-field-textual\" required=\"required\" min=\"\" max=\"\" >\n\t\t\t\t\t\t<\/div>\n\t\t\t\t\t\t\t\t<div class=\"elementor-field-type-number elementor-field-group elementor-column elementor-field-group-calado elementor-col-33 elementor-field-required elementor-mark-required\">\n\t\t\t\t\t\t\t\t\t\t\t\t<label for=\"form-field-calado\" class=\"elementor-field-label\">\n\t\t\t\t\t\t\t\tCalat\t\t\t\t\t\t\t<\/label>\n\t\t\t\t\t\t\t\t\t<input type=\"number\" name=\"form_fields[calado]\" id=\"form-field-calado\" class=\"elementor-field elementor-size-sm  elementor-field-textual\" required=\"required\" min=\"\" max=\"\" >\n\t\t\t\t\t\t<\/div>\n\t\t\t\t\t\t\t\t<div class=\"elementor-field-type-date elementor-field-group elementor-column elementor-field-group-entrada elementor-col-50 elementor-sm-50 elementor-field-required elementor-mark-required\">\n\t\t\t\t\t\t\t\t\t\t\t\t<label for=\"form-field-entrada\" class=\"elementor-field-label\">\n\t\t\t\t\t\t\t\tData d'entrada\t\t\t\t\t\t\t<\/label>\n\t\t\t\t\t\t\n\t\t<input type=\"date\" name=\"form_fields[entrada]\" id=\"form-field-entrada\" class=\"elementor-field elementor-size-sm  elementor-field-textual elementor-date-field\" required=\"required\" pattern=\"[0-9]{4}-[0-9]{2}-[0-9]{2}\">\n\t\t\t\t\t\t<\/div>\n\t\t\t\t\t\t\t\t<div class=\"elementor-field-type-date elementor-field-group elementor-column elementor-field-group-salida elementor-col-50 elementor-sm-50\">\n\t\t\t\t\t\t\t\t\t\t\t\t<label for=\"form-field-salida\" class=\"elementor-field-label\">\n\t\t\t\t\t\t\t\tData de sortida\t\t\t\t\t\t\t<\/label>\n\t\t\t\t\t\t\n\t\t<input type=\"date\" name=\"form_fields[salida]\" id=\"form-field-salida\" class=\"elementor-field elementor-size-sm  elementor-field-textual elementor-date-field\" pattern=\"[0-9]{4}-[0-9]{2}-[0-9]{2}\">\n\t\t\t\t\t\t<\/div>\n\t\t\t\t\t\t\t\t<div class=\"elementor-field-type-textarea elementor-field-group elementor-column elementor-field-group-observaciones elementor-col-100\">\n\t\t\t\t\t\t\t\t\t\t\t\t<label for=\"form-field-observaciones\" class=\"elementor-field-label\">\n\t\t\t\t\t\t\t\tObservacions\t\t\t\t\t\t\t<\/label>\n\t\t\t\t\t\t<textarea class=\"elementor-field-textual elementor-field  elementor-size-sm\" name=\"form_fields[observaciones]\" id=\"form-field-observaciones\" rows=\"3\"><\/textarea>\t\t\t\t<\/div>\n\t\t\t\t\t\t\t\t<div class=\"elementor-field-type-acceptance elementor-field-group elementor-column elementor-field-group-field_76408e5 elementor-col-100\">\n\t\t\t\t\t\t\t<div class=\"elementor-field-subgroup\">\n\t\t\t<span class=\"elementor-field-option\">\n\t\t\t\t<input type=\"checkbox\" name=\"form_fields[field_76408e5]\" id=\"form-field-field_76408e5\" class=\"elementor-field elementor-size-sm  elementor-acceptance-field\">\n\t\t\t\t<label for=\"form-field-field_76408e5\">He llegit i accepto la <a href=\"politica-de-privadesa\" target=\"_blank\">politica-de-privadesa<\/a><\/label>\t\t\t<\/span>\n\t\t<\/div>\n\t\t\t\t\t\t<\/div>\n\t\t\t\t\t\t\t\t<div class=\"elementor-field-type-recaptcha_v3 elementor-field-group elementor-column elementor-field-group-field_6bd2037 elementor-col-100 recaptcha_v3-bottomright\">\n\t\t\t\t\t<div class=\"elementor-field\" id=\"form-field-field_6bd2037\"><div class=\"elementor-g-recaptcha\" data-sitekey=\"6LdD-IwrAAAAAAwLoaLzjDStDDdtU3hdPbTXquLZ\" data-type=\"v3\" data-action=\"Form\" data-badge=\"bottomright\" data-size=\"invisible\"><\/div><\/div>\t\t\t\t<\/div>\n\t\t\t\t\t\t\t\t<div class=\"elementor-field-group elementor-column elementor-field-type-submit elementor-col-40 e-form__buttons elementor-sm-50\">\n\t\t\t\t\t<button class=\"elementor-button elementor-size-sm\" type=\"submit\">\n\t\t\t\t\t\t<span class=\"elementor-button-content-wrapper\">\n\t\t\t\t\t\t\t\t\t\t\t\t\t\t\t\t\t\t\t\t\t\t<span class=\"elementor-button-text\">Enviar<\/span>\n\t\t\t\t\t\t\t\t\t\t\t\t\t<\/span>\n\t\t\t\t\t<\/button>\n\t\t\t\t<\/div>\n\t\t\t<\/div>\n\t\t<\/form>\n\t\t\t\t\t\t<\/div>\n\t\t\t\t<\/div>\n\t\t<div class=\"elementor-element elementor-element-56323f05 e-con-full e-flex e-con e-child\" data-id=\"56323f05\" data-element_type=\"container\" data-e-type=\"container\" data-settings=\"{&quot;background_background&quot;:&quot;classic&quot;}\">\n\t\t\t\t<div class=\"elementor-element elementor-element-2813d65f elementor-widget elementor-widget-spacer\" data-id=\"2813d65f\" data-element_type=\"widget\" data-e-type=\"widget\" data-widget_type=\"spacer.default\">\n\t\t\t\t\t\t\t<div class=\"elementor-spacer\">\n\t\t\t<div class=\"elementor-spacer-inner\"><\/div>\n\t\t<\/div>\n\t\t\t\t\t\t<\/div>\n\t\t\t\t<\/div>\n\t\t\t\t<\/div>\n\t\t\t\t<\/div>\n\t\t","protected":false},"excerpt":{"rendered":"<p>Deixa&#8217;ns tota la teva informaci\u00f3 al formulari i et contestarem com m\u00e9s aviat millor sobre la disponibilitat d&#8217;amarratge de la teva embarcaci\u00f3.<\/p>\n","protected":false},"author":1,"featured_media":1259,"parent":0,"menu_order":0,"comment_status":"closed","ping_status":"closed","template":"elementor_header_footer","meta":{"footnotes":""},"class_list":["post-1504","page","type-page","status-publish","has-post-thumbnail","hentry"],"yoast_head":"<!-- This site is optimized with the Yoast SEO plugin v27.4 - https:\/\/yoast.com\/product\/yoast-seo-wordpress\/ -->\n<title>Reservar amarratge - Marina Empuriabrava<\/title>\n<meta name=\"description\" content=\"Deixa&#039;ns tota la teva informaci\u00f3 al formulari i et contestarem com m\u00e9s aviat millor sobre la disponibilitat d&#039;amarratge de la teva embarcaci\u00f3.\" \/>\n<meta name=\"robots\" content=\"index, follow, max-snippet:-1, max-image-preview:large, max-video-preview:-1\" \/>\n<link rel=\"canonical\" href=\"https:\/\/marinaempuriabrava.es\/ca\/reservar-amarratge\/\" \/>\n<meta property=\"og:locale\" content=\"ca_ES\" \/>\n<meta property=\"og:type\" content=\"article\" \/>\n<meta property=\"og:title\" content=\"Reservar amarratge - Marina Empuriabrava\" \/>\n<meta property=\"og:description\" content=\"Deixa&#039;ns tota la teva informaci\u00f3 al formulari i et contestarem com m\u00e9s aviat millor sobre la disponibilitat d&#039;amarratge de la teva embarcaci\u00f3.\" \/>\n<meta property=\"og:url\" content=\"https:\/\/marinaempuriabrava.es\/ca\/reservar-amarratge\/\" \/>\n<meta property=\"og:site_name\" content=\"Marina Empuriabrava\" \/>\n<meta property=\"article:modified_time\" content=\"2026-04-20T09:46:55+00:00\" \/>\n<meta property=\"og:image\" content=\"https:\/\/marinaempuriabrava.es\/wp-content\/uploads\/2025\/07\/reservas-banner.jpg\" \/>\n\t<meta property=\"og:image:width\" content=\"874\" \/>\n\t<meta property=\"og:image:height\" content=\"744\" \/>\n\t<meta property=\"og:image:type\" content=\"image\/jpeg\" \/>\n<meta name=\"twitter:card\" content=\"summary_large_image\" \/>\n<script type=\"application\/ld+json\" class=\"yoast-schema-graph\">{\"@context\":\"https:\\\/\\\/schema.org\",\"@graph\":[{\"@type\":\"WebPage\",\"@id\":\"https:\\\/\\\/marinaempuriabrava.es\\\/ca\\\/reservar-amarratge\\\/\",\"url\":\"https:\\\/\\\/marinaempuriabrava.es\\\/ca\\\/reservar-amarratge\\\/\",\"name\":\"Reservar amarratge - Marina Empuriabrava\",\"isPartOf\":{\"@id\":\"https:\\\/\\\/marinaempuriabrava.es\\\/ca\\\/#website\"},\"primaryImageOfPage\":{\"@id\":\"https:\\\/\\\/marinaempuriabrava.es\\\/ca\\\/reservar-amarratge\\\/#primaryimage\"},\"image\":{\"@id\":\"https:\\\/\\\/marinaempuriabrava.es\\\/ca\\\/reservar-amarratge\\\/#primaryimage\"},\"thumbnailUrl\":\"https:\\\/\\\/marinaempuriabrava.es\\\/wp-content\\\/uploads\\\/2025\\\/07\\\/reservas-banner.jpg\",\"datePublished\":\"2025-07-08T15:27:31+00:00\",\"dateModified\":\"2026-04-20T09:46:55+00:00\",\"description\":\"Deixa'ns tota la teva informaci\u00f3 al formulari i et contestarem com m\u00e9s aviat millor sobre la disponibilitat d'amarratge de la teva embarcaci\u00f3.\",\"breadcrumb\":{\"@id\":\"https:\\\/\\\/marinaempuriabrava.es\\\/ca\\\/reservar-amarratge\\\/#breadcrumb\"},\"inLanguage\":\"ca\",\"potentialAction\":[{\"@type\":\"ReadAction\",\"target\":[\"https:\\\/\\\/marinaempuriabrava.es\\\/ca\\\/reservar-amarratge\\\/\"]}]},{\"@type\":\"ImageObject\",\"inLanguage\":\"ca\",\"@id\":\"https:\\\/\\\/marinaempuriabrava.es\\\/ca\\\/reservar-amarratge\\\/#primaryimage\",\"url\":\"https:\\\/\\\/marinaempuriabrava.es\\\/wp-content\\\/uploads\\\/2025\\\/07\\\/reservas-banner.jpg\",\"contentUrl\":\"https:\\\/\\\/marinaempuriabrava.es\\\/wp-content\\\/uploads\\\/2025\\\/07\\\/reservas-banner.jpg\",\"width\":874,\"height\":744,\"caption\":\"Reservar amarre Marina Empuriabrava\"},{\"@type\":\"BreadcrumbList\",\"@id\":\"https:\\\/\\\/marinaempuriabrava.es\\\/ca\\\/reservar-amarratge\\\/#breadcrumb\",\"itemListElement\":[{\"@type\":\"ListItem\",\"position\":1,\"name\":\"Portada\",\"item\":\"https:\\\/\\\/marinaempuriabrava.es\\\/ca\\\/home\\\/\"},{\"@type\":\"ListItem\",\"position\":2,\"name\":\"Reservar amarratge\"}]},{\"@type\":\"WebSite\",\"@id\":\"https:\\\/\\\/marinaempuriabrava.es\\\/ca\\\/#website\",\"url\":\"https:\\\/\\\/marinaempuriabrava.es\\\/ca\\\/\",\"name\":\"Marina Empuriabrava\",\"description\":\"Un puerto diferente en plena Costa Brava\",\"publisher\":{\"@id\":\"https:\\\/\\\/marinaempuriabrava.es\\\/ca\\\/#organization\"},\"potentialAction\":[{\"@type\":\"SearchAction\",\"target\":{\"@type\":\"EntryPoint\",\"urlTemplate\":\"https:\\\/\\\/marinaempuriabrava.es\\\/ca\\\/?s={search_term_string}\"},\"query-input\":{\"@type\":\"PropertyValueSpecification\",\"valueRequired\":true,\"valueName\":\"search_term_string\"}}],\"inLanguage\":\"ca\"},{\"@type\":\"Organization\",\"@id\":\"https:\\\/\\\/marinaempuriabrava.es\\\/ca\\\/#organization\",\"name\":\"Marina Empuriabrava\",\"url\":\"https:\\\/\\\/marinaempuriabrava.es\\\/ca\\\/\",\"logo\":{\"@type\":\"ImageObject\",\"inLanguage\":\"ca\",\"@id\":\"https:\\\/\\\/marinaempuriabrava.es\\\/ca\\\/#\\\/schema\\\/logo\\\/image\\\/\",\"url\":\"https:\\\/\\\/marinaempuriabrava.es\\\/wp-content\\\/uploads\\\/2025\\\/07\\\/Logo_Final_Empuriabrava_RGB_Logo-Principal-Marina-Empuriabrava.svg\",\"contentUrl\":\"https:\\\/\\\/marinaempuriabrava.es\\\/wp-content\\\/uploads\\\/2025\\\/07\\\/Logo_Final_Empuriabrava_RGB_Logo-Principal-Marina-Empuriabrava.svg\",\"width\":1200,\"height\":1200,\"caption\":\"Marina Empuriabrava\"},\"image\":{\"@id\":\"https:\\\/\\\/marinaempuriabrava.es\\\/ca\\\/#\\\/schema\\\/logo\\\/image\\\/\"}}]}<\/script>\n<!-- \/ Yoast SEO plugin. -->","yoast_head_json":{"title":"Reservar amarratge - Marina Empuriabrava","description":"Deixa'ns tota la teva informaci\u00f3 al formulari i et contestarem com m\u00e9s aviat millor sobre la disponibilitat d'amarratge de la teva embarcaci\u00f3.","robots":{"index":"index","follow":"follow","max-snippet":"max-snippet:-1","max-image-preview":"max-image-preview:large","max-video-preview":"max-video-preview:-1"},"canonical":"https:\/\/marinaempuriabrava.es\/ca\/reservar-amarratge\/","og_locale":"ca_ES","og_type":"article","og_title":"Reservar amarratge - Marina Empuriabrava","og_description":"Deixa'ns tota la teva informaci\u00f3 al formulari i et contestarem com m\u00e9s aviat millor sobre la disponibilitat d'amarratge de la teva embarcaci\u00f3.","og_url":"https:\/\/marinaempuriabrava.es\/ca\/reservar-amarratge\/","og_site_name":"Marina Empuriabrava","article_modified_time":"2026-04-20T09:46:55+00:00","og_image":[{"width":874,"height":744,"url":"https:\/\/marinaempuriabrava.es\/wp-content\/uploads\/2025\/07\/reservas-banner.jpg","type":"image\/jpeg"}],"twitter_card":"summary_large_image","schema":{"@context":"https:\/\/schema.org","@graph":[{"@type":"WebPage","@id":"https:\/\/marinaempuriabrava.es\/ca\/reservar-amarratge\/","url":"https:\/\/marinaempuriabrava.es\/ca\/reservar-amarratge\/","name":"Reservar amarratge - Marina Empuriabrava","isPartOf":{"@id":"https:\/\/marinaempuriabrava.es\/ca\/#website"},"primaryImageOfPage":{"@id":"https:\/\/marinaempuriabrava.es\/ca\/reservar-amarratge\/#primaryimage"},"image":{"@id":"https:\/\/marinaempuriabrava.es\/ca\/reservar-amarratge\/#primaryimage"},"thumbnailUrl":"https:\/\/marinaempuriabrava.es\/wp-content\/uploads\/2025\/07\/reservas-banner.jpg","datePublished":"2025-07-08T15:27:31+00:00","dateModified":"2026-04-20T09:46:55+00:00","description":"Deixa'ns tota la teva informaci\u00f3 al formulari i et contestarem com m\u00e9s aviat millor sobre la disponibilitat d'amarratge de la teva embarcaci\u00f3.","breadcrumb":{"@id":"https:\/\/marinaempuriabrava.es\/ca\/reservar-amarratge\/#breadcrumb"},"inLanguage":"ca","potentialAction":[{"@type":"ReadAction","target":["https:\/\/marinaempuriabrava.es\/ca\/reservar-amarratge\/"]}]},{"@type":"ImageObject","inLanguage":"ca","@id":"https:\/\/marinaempuriabrava.es\/ca\/reservar-amarratge\/#primaryimage","url":"https:\/\/marinaempuriabrava.es\/wp-content\/uploads\/2025\/07\/reservas-banner.jpg","contentUrl":"https:\/\/marinaempuriabrava.es\/wp-content\/uploads\/2025\/07\/reservas-banner.jpg","width":874,"height":744,"caption":"Reservar amarre Marina Empuriabrava"},{"@type":"BreadcrumbList","@id":"https:\/\/marinaempuriabrava.es\/ca\/reservar-amarratge\/#breadcrumb","itemListElement":[{"@type":"ListItem","position":1,"name":"Portada","item":"https:\/\/marinaempuriabrava.es\/ca\/home\/"},{"@type":"ListItem","position":2,"name":"Reservar amarratge"}]},{"@type":"WebSite","@id":"https:\/\/marinaempuriabrava.es\/ca\/#website","url":"https:\/\/marinaempuriabrava.es\/ca\/","name":"Marina Empuriabrava","description":"Un puerto diferente en plena Costa Brava","publisher":{"@id":"https:\/\/marinaempuriabrava.es\/ca\/#organization"},"potentialAction":[{"@type":"SearchAction","target":{"@type":"EntryPoint","urlTemplate":"https:\/\/marinaempuriabrava.es\/ca\/?s={search_term_string}"},"query-input":{"@type":"PropertyValueSpecification","valueRequired":true,"valueName":"search_term_string"}}],"inLanguage":"ca"},{"@type":"Organization","@id":"https:\/\/marinaempuriabrava.es\/ca\/#organization","name":"Marina Empuriabrava","url":"https:\/\/marinaempuriabrava.es\/ca\/","logo":{"@type":"ImageObject","inLanguage":"ca","@id":"https:\/\/marinaempuriabrava.es\/ca\/#\/schema\/logo\/image\/","url":"https:\/\/marinaempuriabrava.es\/wp-content\/uploads\/2025\/07\/Logo_Final_Empuriabrava_RGB_Logo-Principal-Marina-Empuriabrava.svg","contentUrl":"https:\/\/marinaempuriabrava.es\/wp-content\/uploads\/2025\/07\/Logo_Final_Empuriabrava_RGB_Logo-Principal-Marina-Empuriabrava.svg","width":1200,"height":1200,"caption":"Marina Empuriabrava"},"image":{"@id":"https:\/\/marinaempuriabrava.es\/ca\/#\/schema\/logo\/image\/"}}]}},"_links":{"self":[{"href":"https:\/\/marinaempuriabrava.es\/ca\/wp-json\/wp\/v2\/pages\/1504","targetHints":{"allow":["GET"]}}],"collection":[{"href":"https:\/\/marinaempuriabrava.es\/ca\/wp-json\/wp\/v2\/pages"}],"about":[{"href":"https:\/\/marinaempuriabrava.es\/ca\/wp-json\/wp\/v2\/types\/page"}],"author":[{"embeddable":true,"href":"https:\/\/marinaempuriabrava.es\/ca\/wp-json\/wp\/v2\/users\/1"}],"replies":[{"embeddable":true,"href":"https:\/\/marinaempuriabrava.es\/ca\/wp-json\/wp\/v2\/comments?post=1504"}],"version-history":[{"count":2,"href":"https:\/\/marinaempuriabrava.es\/ca\/wp-json\/wp\/v2\/pages\/1504\/revisions"}],"predecessor-version":[{"id":2152,"href":"https:\/\/marinaempuriabrava.es\/ca\/wp-json\/wp\/v2\/pages\/1504\/revisions\/2152"}],"wp:featuredmedia":[{"embeddable":true,"href":"https:\/\/marinaempuriabrava.es\/ca\/wp-json\/wp\/v2\/media\/1259"}],"wp:attachment":[{"href":"https:\/\/marinaempuriabrava.es\/ca\/wp-json\/wp\/v2\/media?parent=1504"}],"curies":[{"name":"wp","href":"https:\/\/api.w.org\/{rel}","templated":true}]}}