{"id":1546,"date":"2025-07-08T17:27:31","date_gmt":"2025-07-08T15:27:31","guid":{"rendered":"https:\/\/marinaempuriabrava.es\/avis-legal\/"},"modified":"2025-07-22T18:24:03","modified_gmt":"2025-07-22T16:24:03","slug":"avis-legal","status":"publish","type":"page","link":"https:\/\/marinaempuriabrava.es\/ca\/avis-legal\/","title":{"rendered":"Av\u00eds Legal"},"content":{"rendered":"\t\t<div data-elementor-type=\"wp-page\" data-elementor-id=\"1546\" class=\"elementor elementor-1546 elementor-209\" data-elementor-post-type=\"page\">\n\t\t\t\t<div class=\"elementor-element elementor-element-6f5f7cfc e-flex e-con-boxed e-con e-parent\" data-id=\"6f5f7cfc\" data-element_type=\"container\" data-e-type=\"container\">\n\t\t\t\t\t<div class=\"e-con-inner\">\n\t\t\t\t<div class=\"elementor-element elementor-element-7a7433fb elementor-widget elementor-widget-text-editor\" data-id=\"7a7433fb\" data-element_type=\"widget\" data-e-type=\"widget\" data-widget_type=\"text-editor.default\">\n\t\t\t\t\t\t\t\t\t<p>El fet d&#8217;accedir a aquest lloc web implica el coneixement i l&#8217;acceptaci\u00f3 dels termes i condicions seg\u00fcents i atribueix la condici\u00f3 d&#8217;usuari del web i l&#8217;acc\u00e9s al mateix implica la seva acceptaci\u00f3 sense reserves. En cas de no acceptar les cl\u00e0usules establertes en aquest Av\u00eds Legal, l&#8217;usuari haur\u00e0 d&#8217;abstenir-se d&#8217;accedir i\/o utilitzar els serveis i\/o continguts posats a la seva disposici\u00f3 a la p\u00e0gina, procedint a abandonar-la. <\/p>\t\t\t\t\t\t\t\t<\/div>\n\t\t\t\t<div class=\"elementor-element elementor-element-732324b9 elementor-widget elementor-widget-heading\" data-id=\"732324b9\" data-element_type=\"widget\" data-e-type=\"widget\" data-widget_type=\"heading.default\">\n\t\t\t\t\t<h4 class=\"elementor-heading-title elementor-size-default\">Titularitat del lloc web  <\/h4>\t\t\t\t<\/div>\n\t\t\t\t<div class=\"elementor-element elementor-element-7898fee elementor-widget elementor-widget-text-editor\" data-id=\"7898fee\" data-element_type=\"widget\" data-e-type=\"widget\" data-widget_type=\"text-editor.default\">\n\t\t\t\t\t\t\t\t\t<p>EMPURIAPORT SL en compliment del que estableix l&#8217;art. 10 de la Llei 34\/2002, d&#8217;11 de juliol, de Serveis de la Societat de la Informaci\u00f3 i Comer\u00e7 Electr\u00f2nic (LSSI-CE), us informa de les dades identificatives relatives al lloc web <strong>marinaempuriabrava.es<\/strong> .<\/p><ul><li>DENOMINACI\u00d3 SOCIAL: EMPURIAPORT SL<\/li><li>DOMICILI SOCIAL: SECTOR CLUB NAUTIC EDIFICI CAPIT\u00c0NIA S\/N. 17487-CASTELL\u00d3 D&#8217;EMP\u00daRIES<\/li><li>TEL\u00c8FON: +34 972 451 239<\/li><li>NIF: B 17159443<\/li><li>CORREU ELECTR\u00d2NIC GENERAL: info@marinaempuriabrava.es<\/li><\/ul>\t\t\t\t\t\t\t\t<\/div>\n\t\t\t\t<div class=\"elementor-element elementor-element-40c36c5b elementor-widget-divider--view-line elementor-widget elementor-widget-divider\" data-id=\"40c36c5b\" data-element_type=\"widget\" data-e-type=\"widget\" data-widget_type=\"divider.default\">\n\t\t\t\t\t\t\t<div class=\"elementor-divider\">\n\t\t\t<span class=\"elementor-divider-separator\">\n\t\t\t\t\t\t<\/span>\n\t\t<\/div>\n\t\t\t\t\t\t<\/div>\n\t\t\t\t<div class=\"elementor-element elementor-element-25c1084e elementor-widget elementor-widget-heading\" data-id=\"25c1084e\" data-element_type=\"widget\" data-e-type=\"widget\" data-widget_type=\"heading.default\">\n\t\t\t\t\t<h2 class=\"elementor-heading-title elementor-size-default\">Condicions d'\u00fas<\/h2>\t\t\t\t<\/div>\n\t\t\t\t<div class=\"elementor-element elementor-element-458bfbb5 elementor-widget elementor-widget-heading\" data-id=\"458bfbb5\" data-element_type=\"widget\" data-e-type=\"widget\" data-widget_type=\"heading.default\">\n\t\t\t\t\t<h4 class=\"elementor-heading-title elementor-size-default\">Usuaris<\/h4>\t\t\t\t<\/div>\n\t\t\t\t<div class=\"elementor-element elementor-element-7ff73c09 elementor-widget elementor-widget-text-editor\" data-id=\"7ff73c09\" data-element_type=\"widget\" data-e-type=\"widget\" data-widget_type=\"text-editor.default\">\n\t\t\t\t\t\t\t\t\t<p>L&#8217;acc\u00e9s i\/o \u00fas d&#8217;aquest portal d&#8217; <strong>Empuriaport SL<\/strong> atribueix la condici\u00f3 d&#8217;USUARI, que accepta, des d&#8217;aquest acc\u00e9s i\/o \u00fas, les Condicions Generals d&#8217;\u00fas reflectides aqu\u00ed. <\/p>\t\t\t\t\t\t\t\t<\/div>\n\t\t\t\t<div class=\"elementor-element elementor-element-167c0c37 elementor-widget elementor-widget-heading\" data-id=\"167c0c37\" data-element_type=\"widget\" data-e-type=\"widget\" data-widget_type=\"heading.default\">\n\t\t\t\t\t<h4 class=\"elementor-heading-title elementor-size-default\">\u00das de la web<\/h4>\t\t\t\t<\/div>\n\t\t\t\t<div class=\"elementor-element elementor-element-16c10c26 elementor-widget elementor-widget-text-editor\" data-id=\"16c10c26\" data-element_type=\"widget\" data-e-type=\"widget\" data-widget_type=\"text-editor.default\">\n\t\t\t\t\t\t\t\t\t<p><strong>Marinaempuriabrava.es<\/strong> proporciona l&#8217;acc\u00e9s a multitud d&#8217;informacions, serveis o dades (d&#8217;ara endavant, els continguts) a Internet pertanyents a <b>Empuriaport SL<\/b> als quals l&#8217;USUARI pugui tenir acc\u00e9s. L\u00b4USUARI assumeix la responsabilitat de l\u00b4\u00fas del portal. Aquesta responsabilitat s&#8217;est\u00e9n al registre que cal emplenar per accedir a determinats serveis o continguts.  <\/p><p>En aquest registre, l&#8217;USUARI ser\u00e0 responsable d&#8217;aportar <b>informaci\u00f3<\/b> vera\u00e7 i l\u00edcita. enunciatiu per\u00f2 no limitatiu, a no emprar-los per a (I) inc\u00f3rrer en activitats il\u00b7l\u00edcites, il\u00b7legals o contr\u00e0ries a la bona fe ia l&#8217;ordre p\u00fablic <b>;<\/b> prove\u00efdors o de terceres persones, introduir o difondre a la xarxa virus inform\u00e0tics o qualssevol altres sistemes f\u00edsics o l\u00f2gics que siguin susceptibles de provocar els danys anteriorment esmentats; (IV) intentar accedir i, si escau, utilitzar els comptes de correu electr\u00f2nic d&#8217;altres usuaris i modificar-lo o manipular els seus missatges.     <\/p><p><b>Empuriaport SL<\/b> es reserva el dret de retirar tots aquells comentaris i aportacions que vulnerin el respecte a la dignitat de la persona, que siguin discriminatoris, xen\u00f2fobs, racistes, pornogr\u00e0fics, que atemptin contra la joventut o la inf\u00e0ncia, l&#8217;ordre o la seguretat p\u00fablica o que, a parer seu, no resultessin adequats per a la seva publicaci\u00f3. En qualsevol cas, <b>Empuriaport SL<\/b> no ser\u00e0 responsable de les opinions abocades pels usuaris a trav\u00e9s dels f\u00f2rums, xats o altres eines de participaci\u00f3. <\/p>\t\t\t\t\t\t\t\t<\/div>\n\t\t\t\t<div class=\"elementor-element elementor-element-2661e5d0 elementor-widget elementor-widget-heading\" data-id=\"2661e5d0\" data-element_type=\"widget\" data-e-type=\"widget\" data-widget_type=\"heading.default\">\n\t\t\t\t\t<h4 class=\"elementor-heading-title elementor-size-default\">Propietat intel\u00b7lectual i industrial<\/h4>\t\t\t\t<\/div>\n\t\t\t\t<div class=\"elementor-element elementor-element-6d1be6af elementor-widget elementor-widget-text-editor\" data-id=\"6d1be6af\" data-element_type=\"widget\" data-e-type=\"widget\" data-widget_type=\"text-editor.default\">\n\t\t\t\t\t\t\t\t\t<p><b>Empuriaport SL<\/b> per si o com a cession\u00e0ria, \u00e9s titular de tots els drets de propietat intel\u00b7lectual i industrial de la seva p\u00e0gina web, aix\u00ed com dels elements continguts en aquesta (a t\u00edtol enunciatiu, imatges, so, \u00e0udio, v\u00eddeo, programari o textos; marques o logotips, <b>combinacions<\/b> de colors, estructura i disseny, selecci\u00f3 de materials usats, programes d&#8217;ordinador necessaris per al seu funcionament, acc\u00e9s i \u00fas. llicenciants.<\/p><p><strong>Tots els drets reservats:<\/strong> En virtut del que disposen els articles 8 i 32.1, par\u00e0graf segon, de la Llei de propietat intel\u00b7lectual, queden expressament prohibides la reproducci\u00f3, la distribuci\u00f3 i la comunicaci\u00f3 p\u00fablica, inclosa la seva modalitat de posada a disposici\u00f3, de la totalitat o part dels continguts d&#8217;aquesta p\u00e0gina web, amb finalitats comercials, en qualsevol suport i per qualsevol mitj\u00e0 t\u00e8cnic, sense la qualsevol suport <b>t\u00e8cnic<\/b> . L&#8217;USUARI es compromet a respectar els drets de Propietat Intel\u00b7lectual i Industrial titularitat d&#8217; <b>Empuriaport SL<\/b> . Podreu visualitzar els elements del portal i fins i tot imprimir-los, copiar-los i emmagatzemar-los al disc dur del vostre ordinador o en qualsevol altre suport f\u00edsic sempre que sigui, \u00fanica i exclusivament, per al seu \u00fas personal i privat. L&#8217;USUARI haur\u00e0 d&#8217;abstenir-se de suprimir, alterar, eludir o manipular qualsevol dispositiu de protecci\u00f3 o sistema de seguretat que estigu\u00e9s instal\u00b7lat a les p\u00e0gines d&#8217; <b>Empuriaport SL<\/b> .   <\/p>\t\t\t\t\t\t\t\t<\/div>\n\t\t\t\t<div class=\"elementor-element elementor-element-4c79e540 elementor-widget elementor-widget-heading\" data-id=\"4c79e540\" data-element_type=\"widget\" data-e-type=\"widget\" data-widget_type=\"heading.default\">\n\t\t\t\t\t<h4 class=\"elementor-heading-title elementor-size-default\">Exclusi\u00f3 de garanties i responsabilitat<\/h4>\t\t\t\t<\/div>\n\t\t\t\t<div class=\"elementor-element elementor-element-313df59 elementor-widget elementor-widget-text-editor\" data-id=\"313df59\" data-element_type=\"widget\" data-e-type=\"widget\" data-widget_type=\"text-editor.default\">\n\t\t\t\t\t\t\t\t\t<p><b>Empuriaport SL<\/b> no es fa responsable, en cap cas, dels danys i perjudicis de qualsevol naturalesa que pogu\u00e9s ocasionar, a t\u00edtol enunciatiu: errors o omissions en els continguts, manca de disponibilitat del portal o la transmissi\u00f3 de virus o programes maliciosos o lesius en els continguts, malgrat haver adoptat totes les mesures tecnol\u00f2giques necess\u00e0ries per evitar-ho.<\/p>\t\t\t\t\t\t\t\t<\/div>\n\t\t\t\t<div class=\"elementor-element elementor-element-53a1c39e elementor-widget elementor-widget-heading\" data-id=\"53a1c39e\" data-element_type=\"widget\" data-e-type=\"widget\" data-widget_type=\"heading.default\">\n\t\t\t\t\t<h4 class=\"elementor-heading-title elementor-size-default\">Modificacions<\/h4>\t\t\t\t<\/div>\n\t\t\t\t<div class=\"elementor-element elementor-element-301fbe83 elementor-widget elementor-widget-text-editor\" data-id=\"301fbe83\" data-element_type=\"widget\" data-e-type=\"widget\" data-widget_type=\"text-editor.default\">\n\t\t\t\t\t\t\t\t\t<p><strong><b>Empuriaport SL<\/b><\/strong> es reserva el dret d&#8217;efectuar sense previ av\u00eds les modificacions que consideri oportunes al seu portal, podent canviar, suprimir o afegir tant els continguts i serveis que es prestin a trav\u00e9s d&#8217;aquesta com la forma en qu\u00e8 aquests apareguin presentats o localitzats al portal.<\/p>\t\t\t\t\t\t\t\t<\/div>\n\t\t\t\t<div class=\"elementor-element elementor-element-cc59cca elementor-widget elementor-widget-heading\" data-id=\"cc59cca\" data-element_type=\"widget\" data-e-type=\"widget\" data-widget_type=\"heading.default\">\n\t\t\t\t\t<h4 class=\"elementor-heading-title elementor-size-default\">Enlla\u00e7os<\/h4>\t\t\t\t<\/div>\n\t\t\t\t<div class=\"elementor-element elementor-element-4afa0cb1 elementor-widget elementor-widget-text-editor\" data-id=\"4afa0cb1\" data-element_type=\"widget\" data-e-type=\"widget\" data-widget_type=\"text-editor.default\">\n\t\t\t\t\t\t\t\t\t<p>En cas que a <b>Empuriaport SL<\/b><strong> <\/strong>es disposessin enlla\u00e7os o hipervincles cap a altres llocs d&#8217;Internet, <b>Empuriaport SL<\/b><strong> <\/strong>no exercir\u00e0 cap tipus de control sobre aquests llocs i continguts. En cap cas <b>Empuriaport SL<\/b> assumir\u00e0 cap responsabilitat pels continguts d&#8217;algun enlla\u00e7 pertanyent a un lloc web ali\u00e8, ni garantir\u00e0 la disponibilitat t\u00e8cnica, qualitat, fiabilitat, exactitud, amplitud, veracitat, validesa i constitucionalitat de qualsevol material o informaci\u00f3 continguda en cap d&#8217;aquests hipervincles o altres llocs d&#8217;Internet. <\/p><p>Igualment, la inclusi\u00f3 d&#8217;aquestes connexions externes no implicar\u00e0 cap mena d&#8217;associaci\u00f3, fusi\u00f3 o participaci\u00f3 amb les entitats connectades.<\/p>\t\t\t\t\t\t\t\t<\/div>\n\t\t\t\t<div class=\"elementor-element elementor-element-64513711 elementor-widget elementor-widget-heading\" data-id=\"64513711\" data-element_type=\"widget\" data-e-type=\"widget\" data-widget_type=\"heading.default\">\n\t\t\t\t\t<h4 class=\"elementor-heading-title elementor-size-default\">Dret d'exclusi\u00f3<\/h4>\t\t\t\t<\/div>\n\t\t\t\t<div class=\"elementor-element elementor-element-5006dff1 elementor-widget elementor-widget-text-editor\" data-id=\"5006dff1\" data-element_type=\"widget\" data-e-type=\"widget\" data-widget_type=\"text-editor.default\">\n\t\t\t\t\t\t\t\t\t<p><b>Empuriaport SL<\/b> es reserva el dret de denegar o retirar l&#8217;acc\u00e9s a portal i\/o als serveis oferts sense necessitat de preav\u00eds, a inst\u00e0ncia pr\u00f2pia o d&#8217;un tercer, a aquells usuaris que incompleixin aquestes Condicions Generals d&#8217;\u00das.<\/p>\t\t\t\t\t\t\t\t<\/div>\n\t\t\t\t<div class=\"elementor-element elementor-element-70599e72 elementor-widget__width-initial elementor-widget elementor-widget-heading\" data-id=\"70599e72\" data-element_type=\"widget\" data-e-type=\"widget\" data-widget_type=\"heading.default\">\n\t\t\t\t\t<h4 class=\"elementor-heading-title elementor-size-default\">Generalitats<\/h4>\t\t\t\t<\/div>\n\t\t\t\t<div class=\"elementor-element elementor-element-3ebfc4a7 elementor-widget elementor-widget-text-editor\" data-id=\"3ebfc4a7\" data-element_type=\"widget\" data-e-type=\"widget\" data-widget_type=\"text-editor.default\">\n\t\t\t\t\t\t\t\t\t<p><strong><b>Empuriaport SL<\/b><\/strong> perseguir\u00e0 l&#8217;incompliment de les presents condicions, aix\u00ed com qualsevol utilitzaci\u00f3 indeguda del portal exercint totes les accions civils i penals que li puguin correspondre en dret.<\/p>\t\t\t\t\t\t\t\t<\/div>\n\t\t\t\t<div class=\"elementor-element elementor-element-3636813 elementor-widget elementor-widget-heading\" data-id=\"3636813\" data-element_type=\"widget\" data-e-type=\"widget\" data-widget_type=\"heading.default\">\n\t\t\t\t\t<h4 class=\"elementor-heading-title elementor-size-default\">Modificaci\u00f3 de les presents condicions i durada<\/h4>\t\t\t\t<\/div>\n\t\t\t\t<div class=\"elementor-element elementor-element-7fae42c3 elementor-widget elementor-widget-text-editor\" data-id=\"7fae42c3\" data-element_type=\"widget\" data-e-type=\"widget\" data-widget_type=\"text-editor.default\">\n\t\t\t\t\t\t\t\t\t<p><b>Empuriaport SL<\/b> podr\u00e0 modificar en qualsevol moment les condicions aqu\u00ed determinades, sent degudament publicades com apareixen aqu\u00ed.<\/p><p>La vig\u00e8ncia de les condicions esmentades anir\u00e0 en funci\u00f3 de la seva exposici\u00f3 i estaran vigents fins que siguin modificades per altres degudament publicades.<\/p>\t\t\t\t\t\t\t\t<\/div>\n\t\t\t\t<div class=\"elementor-element elementor-element-4c85dfc elementor-widget elementor-widget-heading\" data-id=\"4c85dfc\" data-element_type=\"widget\" data-e-type=\"widget\" data-widget_type=\"heading.default\">\n\t\t\t\t\t<h4 class=\"elementor-heading-title elementor-size-default\">Legislaci\u00f3 aplicable i jurisdicci\u00f3<\/h4>\t\t\t\t<\/div>\n\t\t\t\t<div class=\"elementor-element elementor-element-56e30816 elementor-widget elementor-widget-text-editor\" data-id=\"56e30816\" data-element_type=\"widget\" data-e-type=\"widget\" data-widget_type=\"text-editor.default\">\n\t\t\t\t\t\t\t\t\t<p>Els termes i condicions que regeixen aquest lloc web, aix\u00ed com les relacions que es puguin derivar estan protegides i queden subjectes a la legislaci\u00f3 espanyola. Per a la resoluci\u00f3 de qualsevol tipus de controv\u00e8rsia, litigi o discrep\u00e0ncia que pogu\u00e9s suscitar-se entre l&#8217;USUARI i <b>Empuriaport SL<\/b> per l&#8217;\u00fas d&#8217;aquest lloc web, se n&#8217;acorda la submissi\u00f3 als Jutjats i Tribunals de Girona, Espanya. <\/p>\t\t\t\t\t\t\t\t<\/div>\n\t\t\t\t\t<\/div>\n\t\t\t\t<\/div>\n\t\t\t\t<\/div>\n\t\t","protected":false},"excerpt":{"rendered":"<p>El fet d&#8217;accedir a aquest lloc web implica el coneixement i l&#8217;acceptaci\u00f3 dels termes i condicions seg\u00fcents i atribueix la condici\u00f3 d&#8217;usuari del web i l&#8217;acc\u00e9s al mateix implica la seva acceptaci\u00f3 sense reserves. En cas de no acceptar les cl\u00e0usules establertes en aquest Av\u00eds Legal, l&#8217;usuari haur\u00e0 d&#8217;abstenir-se d&#8217;accedir i\/o utilitzar els serveis i\/o [&hellip;]<\/p>\n","protected":false},"author":1,"featured_media":0,"parent":0,"menu_order":0,"comment_status":"closed","ping_status":"closed","template":"","meta":{"footnotes":""},"class_list":["post-1546","page","type-page","status-publish","hentry"],"yoast_head":"<!-- This site is optimized with the Yoast SEO plugin v27.4 - https:\/\/yoast.com\/product\/yoast-seo-wordpress\/ -->\n<title>Av\u00eds Legal - Marina Empuriabrava<\/title>\n<meta name=\"robots\" content=\"noindex, nofollow\" \/>\n<meta property=\"og:locale\" content=\"ca_ES\" \/>\n<meta property=\"og:type\" content=\"article\" \/>\n<meta property=\"og:title\" content=\"Av\u00eds Legal - Marina Empuriabrava\" \/>\n<meta property=\"og:description\" content=\"El fet d&#8217;accedir a aquest lloc web implica el coneixement i l&#8217;acceptaci\u00f3 dels termes i condicions seg\u00fcents i atribueix la condici\u00f3 d&#8217;usuari del web i l&#8217;acc\u00e9s al mateix implica la seva acceptaci\u00f3 sense reserves. En cas de no acceptar les cl\u00e0usules establertes en aquest Av\u00eds Legal, l&#8217;usuari haur\u00e0 d&#8217;abstenir-se d&#8217;accedir i\/o utilitzar els serveis i\/o [&hellip;]\" \/>\n<meta property=\"og:url\" content=\"https:\/\/marinaempuriabrava.es\/ca\/avis-legal\/\" \/>\n<meta property=\"og:site_name\" content=\"Marina Empuriabrava\" \/>\n<meta property=\"article:modified_time\" content=\"2025-07-22T16:24:03+00:00\" \/>\n<meta name=\"twitter:card\" content=\"summary_large_image\" \/>\n<meta name=\"twitter:label1\" content=\"Temps estimat de lectura\" \/>\n\t<meta name=\"twitter:data1\" content=\"5 minuts\" \/>\n<script type=\"application\/ld+json\" class=\"yoast-schema-graph\">{\"@context\":\"https:\\\/\\\/schema.org\",\"@graph\":[{\"@type\":\"WebPage\",\"@id\":\"https:\\\/\\\/marinaempuriabrava.es\\\/ca\\\/avis-legal\\\/\",\"url\":\"https:\\\/\\\/marinaempuriabrava.es\\\/ca\\\/avis-legal\\\/\",\"name\":\"Av\u00eds Legal - Marina Empuriabrava\",\"isPartOf\":{\"@id\":\"https:\\\/\\\/marinaempuriabrava.es\\\/ca\\\/#website\"},\"datePublished\":\"2025-07-08T15:27:31+00:00\",\"dateModified\":\"2025-07-22T16:24:03+00:00\",\"breadcrumb\":{\"@id\":\"https:\\\/\\\/marinaempuriabrava.es\\\/ca\\\/avis-legal\\\/#breadcrumb\"},\"inLanguage\":\"ca\",\"potentialAction\":[{\"@type\":\"ReadAction\",\"target\":[\"https:\\\/\\\/marinaempuriabrava.es\\\/ca\\\/avis-legal\\\/\"]}]},{\"@type\":\"BreadcrumbList\",\"@id\":\"https:\\\/\\\/marinaempuriabrava.es\\\/ca\\\/avis-legal\\\/#breadcrumb\",\"itemListElement\":[{\"@type\":\"ListItem\",\"position\":1,\"name\":\"Portada\",\"item\":\"https:\\\/\\\/marinaempuriabrava.es\\\/ca\\\/home\\\/\"},{\"@type\":\"ListItem\",\"position\":2,\"name\":\"Av\u00eds Legal\"}]},{\"@type\":\"WebSite\",\"@id\":\"https:\\\/\\\/marinaempuriabrava.es\\\/ca\\\/#website\",\"url\":\"https:\\\/\\\/marinaempuriabrava.es\\\/ca\\\/\",\"name\":\"Marina Empuriabrava\",\"description\":\"Un puerto diferente en plena Costa Brava\",\"publisher\":{\"@id\":\"https:\\\/\\\/marinaempuriabrava.es\\\/ca\\\/#organization\"},\"potentialAction\":[{\"@type\":\"SearchAction\",\"target\":{\"@type\":\"EntryPoint\",\"urlTemplate\":\"https:\\\/\\\/marinaempuriabrava.es\\\/ca\\\/?s={search_term_string}\"},\"query-input\":{\"@type\":\"PropertyValueSpecification\",\"valueRequired\":true,\"valueName\":\"search_term_string\"}}],\"inLanguage\":\"ca\"},{\"@type\":\"Organization\",\"@id\":\"https:\\\/\\\/marinaempuriabrava.es\\\/ca\\\/#organization\",\"name\":\"Marina Empuriabrava\",\"url\":\"https:\\\/\\\/marinaempuriabrava.es\\\/ca\\\/\",\"logo\":{\"@type\":\"ImageObject\",\"inLanguage\":\"ca\",\"@id\":\"https:\\\/\\\/marinaempuriabrava.es\\\/ca\\\/#\\\/schema\\\/logo\\\/image\\\/\",\"url\":\"https:\\\/\\\/marinaempuriabrava.es\\\/wp-content\\\/uploads\\\/2025\\\/07\\\/Logo_Final_Empuriabrava_RGB_Logo-Principal-Marina-Empuriabrava.svg\",\"contentUrl\":\"https:\\\/\\\/marinaempuriabrava.es\\\/wp-content\\\/uploads\\\/2025\\\/07\\\/Logo_Final_Empuriabrava_RGB_Logo-Principal-Marina-Empuriabrava.svg\",\"width\":1200,\"height\":1200,\"caption\":\"Marina Empuriabrava\"},\"image\":{\"@id\":\"https:\\\/\\\/marinaempuriabrava.es\\\/ca\\\/#\\\/schema\\\/logo\\\/image\\\/\"}}]}<\/script>\n<!-- \/ Yoast SEO plugin. -->","yoast_head_json":{"title":"Av\u00eds Legal - Marina Empuriabrava","robots":{"index":"noindex","follow":"nofollow"},"og_locale":"ca_ES","og_type":"article","og_title":"Av\u00eds Legal - Marina Empuriabrava","og_description":"El fet d&#8217;accedir a aquest lloc web implica el coneixement i l&#8217;acceptaci\u00f3 dels termes i condicions seg\u00fcents i atribueix la condici\u00f3 d&#8217;usuari del web i l&#8217;acc\u00e9s al mateix implica la seva acceptaci\u00f3 sense reserves. En cas de no acceptar les cl\u00e0usules establertes en aquest Av\u00eds Legal, l&#8217;usuari haur\u00e0 d&#8217;abstenir-se d&#8217;accedir i\/o utilitzar els serveis i\/o [&hellip;]","og_url":"https:\/\/marinaempuriabrava.es\/ca\/avis-legal\/","og_site_name":"Marina Empuriabrava","article_modified_time":"2025-07-22T16:24:03+00:00","twitter_card":"summary_large_image","twitter_misc":{"Temps estimat de lectura":"5 minuts"},"schema":{"@context":"https:\/\/schema.org","@graph":[{"@type":"WebPage","@id":"https:\/\/marinaempuriabrava.es\/ca\/avis-legal\/","url":"https:\/\/marinaempuriabrava.es\/ca\/avis-legal\/","name":"Av\u00eds Legal - Marina Empuriabrava","isPartOf":{"@id":"https:\/\/marinaempuriabrava.es\/ca\/#website"},"datePublished":"2025-07-08T15:27:31+00:00","dateModified":"2025-07-22T16:24:03+00:00","breadcrumb":{"@id":"https:\/\/marinaempuriabrava.es\/ca\/avis-legal\/#breadcrumb"},"inLanguage":"ca","potentialAction":[{"@type":"ReadAction","target":["https:\/\/marinaempuriabrava.es\/ca\/avis-legal\/"]}]},{"@type":"BreadcrumbList","@id":"https:\/\/marinaempuriabrava.es\/ca\/avis-legal\/#breadcrumb","itemListElement":[{"@type":"ListItem","position":1,"name":"Portada","item":"https:\/\/marinaempuriabrava.es\/ca\/home\/"},{"@type":"ListItem","position":2,"name":"Av\u00eds Legal"}]},{"@type":"WebSite","@id":"https:\/\/marinaempuriabrava.es\/ca\/#website","url":"https:\/\/marinaempuriabrava.es\/ca\/","name":"Marina Empuriabrava","description":"Un puerto diferente en plena Costa Brava","publisher":{"@id":"https:\/\/marinaempuriabrava.es\/ca\/#organization"},"potentialAction":[{"@type":"SearchAction","target":{"@type":"EntryPoint","urlTemplate":"https:\/\/marinaempuriabrava.es\/ca\/?s={search_term_string}"},"query-input":{"@type":"PropertyValueSpecification","valueRequired":true,"valueName":"search_term_string"}}],"inLanguage":"ca"},{"@type":"Organization","@id":"https:\/\/marinaempuriabrava.es\/ca\/#organization","name":"Marina Empuriabrava","url":"https:\/\/marinaempuriabrava.es\/ca\/","logo":{"@type":"ImageObject","inLanguage":"ca","@id":"https:\/\/marinaempuriabrava.es\/ca\/#\/schema\/logo\/image\/","url":"https:\/\/marinaempuriabrava.es\/wp-content\/uploads\/2025\/07\/Logo_Final_Empuriabrava_RGB_Logo-Principal-Marina-Empuriabrava.svg","contentUrl":"https:\/\/marinaempuriabrava.es\/wp-content\/uploads\/2025\/07\/Logo_Final_Empuriabrava_RGB_Logo-Principal-Marina-Empuriabrava.svg","width":1200,"height":1200,"caption":"Marina Empuriabrava"},"image":{"@id":"https:\/\/marinaempuriabrava.es\/ca\/#\/schema\/logo\/image\/"}}]}},"_links":{"self":[{"href":"https:\/\/marinaempuriabrava.es\/ca\/wp-json\/wp\/v2\/pages\/1546","targetHints":{"allow":["GET"]}}],"collection":[{"href":"https:\/\/marinaempuriabrava.es\/ca\/wp-json\/wp\/v2\/pages"}],"about":[{"href":"https:\/\/marinaempuriabrava.es\/ca\/wp-json\/wp\/v2\/types\/page"}],"author":[{"embeddable":true,"href":"https:\/\/marinaempuriabrava.es\/ca\/wp-json\/wp\/v2\/users\/1"}],"replies":[{"embeddable":true,"href":"https:\/\/marinaempuriabrava.es\/ca\/wp-json\/wp\/v2\/comments?post=1546"}],"version-history":[{"count":1,"href":"https:\/\/marinaempuriabrava.es\/ca\/wp-json\/wp\/v2\/pages\/1546\/revisions"}],"predecessor-version":[{"id":1547,"href":"https:\/\/marinaempuriabrava.es\/ca\/wp-json\/wp\/v2\/pages\/1546\/revisions\/1547"}],"wp:attachment":[{"href":"https:\/\/marinaempuriabrava.es\/ca\/wp-json\/wp\/v2\/media?parent=1546"}],"curies":[{"name":"wp","href":"https:\/\/api.w.org\/{rel}","templated":true}]}}