{"id":1552,"date":"2025-07-08T17:27:31","date_gmt":"2025-07-08T15:27:31","guid":{"rendered":"https:\/\/marinaempuriabrava.es\/rechtlicher-hinweis\/"},"modified":"2025-07-22T18:31:30","modified_gmt":"2025-07-22T16:31:30","slug":"rechtlicher-hinweis","status":"publish","type":"page","link":"https:\/\/marinaempuriabrava.es\/de\/rechtlicher-hinweis\/","title":{"rendered":"Rechtlicher Hinweis"},"content":{"rendered":"\t\t<div data-elementor-type=\"wp-page\" data-elementor-id=\"1552\" class=\"elementor elementor-1552 elementor-209\" data-elementor-post-type=\"page\">\n\t\t\t\t<div class=\"elementor-element elementor-element-6f5f7cfc e-flex e-con-boxed e-con e-parent\" data-id=\"6f5f7cfc\" data-element_type=\"container\" data-e-type=\"container\">\n\t\t\t\t\t<div class=\"e-con-inner\">\n\t\t\t\t<div class=\"elementor-element elementor-element-7a7433fb elementor-widget elementor-widget-text-editor\" data-id=\"7a7433fb\" data-element_type=\"widget\" data-e-type=\"widget\" data-widget_type=\"text-editor.default\">\n\t\t\t\t\t\t\t\t\t<p>Die Tatsache, dass Sie auf diese Website zugreifen, setzt die Kenntnis und die Akzeptanz der folgenden Bedingungen voraus, und die Bedingung, die Website zu nutzen und auf sie zuzugreifen, setzt die uneingeschr\u00e4nkte Akzeptanz voraus. Falls der Nutzer die in diesem rechtlichen Hinweis festgelegten Klauseln nicht akzeptiert, muss er auf den Zugriff und\/oder die Nutzung der auf der Website zur Verf\u00fcgung gestellten Dienste und\/oder Inhalte verzichten und die Website verlassen. <\/p>\t\t\t\t\t\t\t\t<\/div>\n\t\t\t\t<div class=\"elementor-element elementor-element-732324b9 elementor-widget elementor-widget-heading\" data-id=\"732324b9\" data-element_type=\"widget\" data-e-type=\"widget\" data-widget_type=\"heading.default\">\n\t\t\t\t\t<h4 class=\"elementor-heading-title elementor-size-default\">Eigentum an der Website  <\/h4>\t\t\t\t<\/div>\n\t\t\t\t<div class=\"elementor-element elementor-element-7898fee elementor-widget elementor-widget-text-editor\" data-id=\"7898fee\" data-element_type=\"widget\" data-e-type=\"widget\" data-widget_type=\"text-editor.default\">\n\t\t\t\t\t\t\t\t\t<p>EMPURIAPORT S.L. informiert Sie in \u00dcbereinstimmung mit den Bestimmungen von Art. 10 des Gesetzes 34\/2002 vom 11. Juli \u00fcber Dienstleistungen der Informationsgesellschaft und des elektronischen Handels (LSSI-CE) \u00fcber die identifizierenden Daten der Website <strong>marinaempuriabrava.es.<\/strong><\/p><ul><li>FIRMENNAME: EMPURIAPORT S.L.<\/li><li>EINGETRAGENER SITZ: SECTOR CLUB NAUTIC EDIFICI CAPITANIA S\/N. 17487-CASTELL\u00d3 D&#8217;EMP\u00daRIES<\/li><li>TELEFON: +34 972 451 239<\/li><li>VAT NO: B 17159443<\/li><li>ALLGEMEINE E-MAIL: info@marinaempuriabrava.es<\/li><\/ul>\t\t\t\t\t\t\t\t<\/div>\n\t\t\t\t<div class=\"elementor-element elementor-element-40c36c5b elementor-widget-divider--view-line elementor-widget elementor-widget-divider\" data-id=\"40c36c5b\" data-element_type=\"widget\" data-e-type=\"widget\" data-widget_type=\"divider.default\">\n\t\t\t\t\t\t\t<div class=\"elementor-divider\">\n\t\t\t<span class=\"elementor-divider-separator\">\n\t\t\t\t\t\t<\/span>\n\t\t<\/div>\n\t\t\t\t\t\t<\/div>\n\t\t\t\t<div class=\"elementor-element elementor-element-25c1084e elementor-widget elementor-widget-heading\" data-id=\"25c1084e\" data-element_type=\"widget\" data-e-type=\"widget\" data-widget_type=\"heading.default\">\n\t\t\t\t\t<h2 class=\"elementor-heading-title elementor-size-default\">Bedingungen f\u00fcr die Nutzung<\/h2>\t\t\t\t<\/div>\n\t\t\t\t<div class=\"elementor-element elementor-element-458bfbb5 elementor-widget elementor-widget-heading\" data-id=\"458bfbb5\" data-element_type=\"widget\" data-e-type=\"widget\" data-widget_type=\"heading.default\">\n\t\t\t\t\t<h4 class=\"elementor-heading-title elementor-size-default\">Benutzer<\/h4>\t\t\t\t<\/div>\n\t\t\t\t<div class=\"elementor-element elementor-element-7ff73c09 elementor-widget elementor-widget-text-editor\" data-id=\"7ff73c09\" data-element_type=\"widget\" data-e-type=\"widget\" data-widget_type=\"text-editor.default\">\n\t\t\t\t\t\t\t\t\t<p>Der Zugang und\/oder die Nutzung dieses Portals <strong>von Empuriaport S.L.<\/strong> setzt voraus, dass der BENUTZER mit diesem Zugang und\/oder dieser Nutzung die hierin enthaltenen Allgemeinen Nutzungsbedingungen akzeptiert. Die vorgenannten Bedingungen gelten unabh\u00e4ngig von den Allgemeinen Vertragsbedingungen, die, sofern anwendbar, obligatorisch sind. <\/p>\t\t\t\t\t\t\t\t<\/div>\n\t\t\t\t<div class=\"elementor-element elementor-element-167c0c37 elementor-widget elementor-widget-heading\" data-id=\"167c0c37\" data-element_type=\"widget\" data-e-type=\"widget\" data-widget_type=\"heading.default\">\n\t\t\t\t\t<h4 class=\"elementor-heading-title elementor-size-default\">Nutzung der Website<\/h4>\t\t\t\t<\/div>\n\t\t\t\t<div class=\"elementor-element elementor-element-16c10c26 elementor-widget elementor-widget-text-editor\" data-id=\"16c10c26\" data-element_type=\"widget\" data-e-type=\"widget\" data-widget_type=\"text-editor.default\">\n\t\t\t\t\t\t\t\t\t<p><strong>Marinaempuriabrava.es<\/strong> bietet Zugang zu einer Vielzahl von Informationen, Dienstleistungen oder Daten (im Folgenden &#8222;die Inhalte&#8220;) im Internet, die <b>Empuriaport S.L. <\/b>geh\u00f6ren und zu denen der BENUTZER Zugang haben kann. Der BENUTZER \u00fcbernimmt die Verantwortung f\u00fcr die Nutzung des Portals. Diese Verantwortung erstreckt sich auch auf die Registrierung, die f\u00fcr den Zugang zu bestimmten Diensten oder Inhalten erforderlich sein kann.  <\/p><p>Bei dieser Registrierung ist der BENUTZER daf\u00fcr verantwortlich, wahrheitsgem\u00e4\u00dfe und rechtm\u00e4\u00dfige Angaben zu machen. Als Folge dieser Registrierung kann dem BENUTZER ein Passwort zugeteilt werden, f\u00fcr das er verantwortlich ist und f\u00fcr dessen sorgf\u00e4ltige und vertrauliche Verwendung er sich verpflichtet. Der BENUTZER verpflichtet sich, die Inhalte und Dienste (wie Chat-Dienste, Diskussionsforen oder Newsgroups), die <b>Empuriaport S.L.<\/b> \u00fcber sein Portal anbietet, angemessen zu nutzen und sie beispielsweise, aber nicht ausschlie\u00dflich, nicht zu nutzen, um (I) unerlaubte oder illegale Aktivit\u00e4ten oder solche, die gegen Treu und Glauben und die \u00f6ffentliche Ordnung versto\u00dfen, zu begehen; (II) Inhalte oder Propaganda rassistischer, fremdenfeindlicher, pornografisch-illegaler Art, Entschuldigung des Terrorismus oder gegen die Menschenrechte zu verbreiten; (III) Sch\u00e4den an den physischen und logischen Systemen von <b>Empuriaport S.L.,<\/b> seiner Lieferanten oder Dritter zu verursachen, Computerviren oder andere physische oder logische Systeme einzuf\u00fchren oder zu verbreiten, die geeignet sind, die oben genannten Sch\u00e4den zu verursachen; (IV) zu versuchen, auf die E-Mail-Konten anderer Benutzer zuzugreifen und diese gegebenenfalls zu nutzen und ihre Nachrichten zu ver\u00e4ndern oder zu manipulieren.     <\/p><p><b>Empuriaport S.L.<\/b> beh\u00e4lt sich das Recht vor, Kommentare und Beitr\u00e4ge zu entfernen, die die Achtung der Menschenw\u00fcrde verletzen, diskriminierend, fremdenfeindlich, rassistisch, pornografisch sind, die Jugend oder das Kindesalter, die Ordnung oder die \u00f6ffentliche Sicherheit verletzen oder die seiner Meinung nach nicht zur Ver\u00f6ffentlichung geeignet sind. In jedem Fall ist <b>Empuriaport S.L.<\/b> nicht f\u00fcr die Meinungen verantwortlich, die von Nutzern in Foren, Chats oder anderen Beteiligungsinstrumenten ge\u00e4u\u00dfert werden. <\/p>\t\t\t\t\t\t\t\t<\/div>\n\t\t\t\t<div class=\"elementor-element elementor-element-2661e5d0 elementor-widget elementor-widget-heading\" data-id=\"2661e5d0\" data-element_type=\"widget\" data-e-type=\"widget\" data-widget_type=\"heading.default\">\n\t\t\t\t\t<h4 class=\"elementor-heading-title elementor-size-default\">Geistiges und gewerbliches Eigentum<\/h4>\t\t\t\t<\/div>\n\t\t\t\t<div class=\"elementor-element elementor-element-6d1be6af elementor-widget elementor-widget-text-editor\" data-id=\"6d1be6af\" data-element_type=\"widget\" data-e-type=\"widget\" data-widget_type=\"text-editor.default\">\n\t\t\t\t\t\t\t\t\t<p><b>Empuriaport S.L.<\/b> ist selbst oder als Abtretungsempf\u00e4nger Eigent\u00fcmer aller geistigen und gewerblichen Eigentumsrechte an seiner Website sowie an den darin enthaltenen Elementen (einschlie\u00dflich, aber nicht beschr\u00e4nkt auf Bilder, Ton, Audio, Video, Software oder Texte; Marken oder Logos, Farbkombinationen, Struktur und Design, Auswahl der verwendeten Materialien, Computerprogramme, die f\u00fcr den Betrieb, den Zugang und die Nutzung erforderlich sind, usw.), die <b>Empuriaport S.L.<\/b> oder seinen Lizenzgebern geh\u00f6ren.<\/p><p><strong>Alle Rechte vorbehalten:<\/strong> Gem\u00e4\u00df den Bestimmungen der Artikel 8 und 32.1, zweiter Absatz, des Gesetzes \u00fcber geistiges Eigentum sind die Vervielf\u00e4ltigung, die Verbreitung und die \u00f6ffentliche Bekanntmachung, einschlie\u00dflich der Zurverf\u00fcgungstellung, des gesamten oder eines Teils des Inhalts dieser Website zu kommerziellen Zwecken, auf jedem Medium und mit jedem technischen Mittel ohne die Genehmigung von <b>Empuriaport S.L.<\/b> ausdr\u00fccklich verboten. Der BENUTZER verpflichtet sich, die Rechte des geistigen und gewerblichen Eigentums von <b>Empuriaport S.L.<\/b> zu respektieren. Er darf die Elemente des Portals ansehen und sogar ausdrucken, kopieren und auf der Festplatte seines Computers oder auf einem anderen physischen Medium speichern, solange dies einzig und allein zu seinem pers\u00f6nlichen und privaten Gebrauch geschieht. Der BENUTZER unterl\u00e4sst es, Schutzvorrichtungen oder Sicherheitssysteme, die auf den Seiten von <b>Empuriaport S.L.<\/b> installiert sind, zu l\u00f6schen, zu ver\u00e4ndern, zu umgehen oder zu manipulieren <b>.<\/b>   <\/p>\t\t\t\t\t\t\t\t<\/div>\n\t\t\t\t<div class=\"elementor-element elementor-element-4c79e540 elementor-widget elementor-widget-heading\" data-id=\"4c79e540\" data-element_type=\"widget\" data-e-type=\"widget\" data-widget_type=\"heading.default\">\n\t\t\t\t\t<h4 class=\"elementor-heading-title elementor-size-default\">Verzicht auf Garantien und Haftung<\/h4>\t\t\t\t<\/div>\n\t\t\t\t<div class=\"elementor-element elementor-element-313df59 elementor-widget elementor-widget-text-editor\" data-id=\"313df59\" data-element_type=\"widget\" data-e-type=\"widget\" data-widget_type=\"text-editor.default\">\n\t\t\t\t\t\t\t\t\t<p><b>Empuriaport S.L.<\/b> haftet unter keinen Umst\u00e4nden f\u00fcr Sch\u00e4den jeglicher Art, die durch Fehler oder Auslassungen in den Inhalten, mangelnde Verf\u00fcgbarkeit des Portals oder die \u00dcbertragung von Viren oder b\u00f6sartigen oder sch\u00e4dlichen Programmen in den Inhalten verursacht werden k\u00f6nnen, obwohl alle notwendigen technischen Ma\u00dfnahmen zu deren Vermeidung getroffen wurden.<\/p>\t\t\t\t\t\t\t\t<\/div>\n\t\t\t\t<div class=\"elementor-element elementor-element-53a1c39e elementor-widget elementor-widget-heading\" data-id=\"53a1c39e\" data-element_type=\"widget\" data-e-type=\"widget\" data-widget_type=\"heading.default\">\n\t\t\t\t\t<h4 class=\"elementor-heading-title elementor-size-default\">Modifikationen<\/h4>\t\t\t\t<\/div>\n\t\t\t\t<div class=\"elementor-element elementor-element-301fbe83 elementor-widget elementor-widget-text-editor\" data-id=\"301fbe83\" data-element_type=\"widget\" data-e-type=\"widget\" data-widget_type=\"text-editor.default\">\n\t\t\t\t\t\t\t\t\t<p><strong><b>Empuriaport S.L.<\/b> <\/strong>beh\u00e4lt sich das Recht vor, unangek\u00fcndigte \u00c4nderungen an seiner Website vorzunehmen, die sie f\u00fcr angemessen h\u00e4lt, und kann Inhalte und Dienstleistungen, die \u00fcber diese Website angeboten werden, \u00e4ndern, l\u00f6schen oder hinzuf\u00fcgen, ebenso wie die Art und Weise, wie sie auf der Website pr\u00e4sentiert werden.<\/p>\t\t\t\t\t\t\t\t<\/div>\n\t\t\t\t<div class=\"elementor-element elementor-element-cc59cca elementor-widget elementor-widget-heading\" data-id=\"cc59cca\" data-element_type=\"widget\" data-e-type=\"widget\" data-widget_type=\"heading.default\">\n\t\t\t\t\t<h4 class=\"elementor-heading-title elementor-size-default\">Links<\/h4>\t\t\t\t<\/div>\n\t\t\t\t<div class=\"elementor-element elementor-element-4afa0cb1 elementor-widget elementor-widget-text-editor\" data-id=\"4afa0cb1\" data-element_type=\"widget\" data-e-type=\"widget\" data-widget_type=\"text-editor.default\">\n\t\t\t\t\t\t\t\t\t<p>F\u00fcr den Fall, dass <b>Empuriaport S.L.<\/b><strong> <\/strong>Links oder Hyperlinks zu anderen Seiten im Internet, <b>Empuriaport S.L.<\/b><strong> <\/strong>\u00fcbt keinerlei Kontrolle \u00fcber diese Websites und Inhalte aus. <b>Empuriaport S.L.<\/b> \u00fcbernimmt in keinem Fall die Verantwortung f\u00fcr den Inhalt eines Links, der zu einer externen Website geh\u00f6rt, und garantiert auch nicht die technische Verf\u00fcgbarkeit, Qualit\u00e4t, Zuverl\u00e4ssigkeit, Genauigkeit, Vollst\u00e4ndigkeit, Richtigkeit, G\u00fcltigkeit und Verfassungsm\u00e4\u00dfigkeit von Material oder Informationen, die in solchen Hyperlinks oder anderen Internetseiten enthalten sind. <\/p><p>Ebenso impliziert die Aufnahme dieser externen Verbindungen keine Art von Assoziation, Fusion oder Beteiligung mit den verbundenen Unternehmen.<\/p>\t\t\t\t\t\t\t\t<\/div>\n\t\t\t\t<div class=\"elementor-element elementor-element-64513711 elementor-widget elementor-widget-heading\" data-id=\"64513711\" data-element_type=\"widget\" data-e-type=\"widget\" data-widget_type=\"heading.default\">\n\t\t\t\t\t<h4 class=\"elementor-heading-title elementor-size-default\">Recht auf Ausschluss<\/h4>\t\t\t\t<\/div>\n\t\t\t\t<div class=\"elementor-element elementor-element-5006dff1 elementor-widget elementor-widget-text-editor\" data-id=\"5006dff1\" data-element_type=\"widget\" data-e-type=\"widget\" data-widget_type=\"text-editor.default\">\n\t\t\t\t\t\t\t\t\t<p><b>Empuriaport S.L.<\/b> beh\u00e4lt sich das Recht vor, den Zugang zum Portal und\/oder zu den angebotenen Diensten ohne Vorank\u00fcndigung zu verweigern oder zu entziehen, und zwar auf eigenes Verlangen oder auf Verlangen eines Dritten, wenn die Nutzer diese Allgemeinen Nutzungsbedingungen nicht einhalten.<\/p>\t\t\t\t\t\t\t\t<\/div>\n\t\t\t\t<div class=\"elementor-element elementor-element-70599e72 elementor-widget__width-initial elementor-widget elementor-widget-heading\" data-id=\"70599e72\" data-element_type=\"widget\" data-e-type=\"widget\" data-widget_type=\"heading.default\">\n\t\t\t\t\t<h4 class=\"elementor-heading-title elementor-size-default\">Allgemein<\/h4>\t\t\t\t<\/div>\n\t\t\t\t<div class=\"elementor-element elementor-element-3ebfc4a7 elementor-widget elementor-widget-text-editor\" data-id=\"3ebfc4a7\" data-element_type=\"widget\" data-e-type=\"widget\" data-widget_type=\"text-editor.default\">\n\t\t\t\t\t\t\t\t\t<p><strong><b>Empuriaport S.L.<\/b> <\/strong>wird die Verletzung dieser Bedingungen sowie jede missbr\u00e4uchliche Nutzung seines Portals verfolgen und alle zivil- und strafrechtlichen Schritte unternehmen, die ihm gesetzlich zustehen.<\/p>\t\t\t\t\t\t\t\t<\/div>\n\t\t\t\t<div class=\"elementor-element elementor-element-3636813 elementor-widget elementor-widget-heading\" data-id=\"3636813\" data-element_type=\"widget\" data-e-type=\"widget\" data-widget_type=\"heading.default\">\n\t\t\t\t\t<h4 class=\"elementor-heading-title elementor-size-default\">\u00c4nderung dieser Bedingungen und Dauer<\/h4>\t\t\t\t<\/div>\n\t\t\t\t<div class=\"elementor-element elementor-element-7fae42c3 elementor-widget elementor-widget-text-editor\" data-id=\"7fae42c3\" data-element_type=\"widget\" data-e-type=\"widget\" data-widget_type=\"text-editor.default\">\n\t\t\t\t\t\t\t\t\t<p><b>Empuriaport S.L.<\/b> beh\u00e4lt sich das Recht vor, die hier festgelegten Bedingungen jederzeit zu \u00e4ndern, da sie hier ordnungsgem\u00e4\u00df ver\u00f6ffentlicht werden.<\/p><p>Die G\u00fcltigkeit dieser Bedingungen h\u00e4ngt von ihrer Exposition ab und bleibt in Kraft, bis sie durch andere, ordnungsgem\u00e4\u00df ver\u00f6ffentlichte Bedingungen ge\u00e4ndert werden.<\/p>\t\t\t\t\t\t\t\t<\/div>\n\t\t\t\t<div class=\"elementor-element elementor-element-4c85dfc elementor-widget elementor-widget-heading\" data-id=\"4c85dfc\" data-element_type=\"widget\" data-e-type=\"widget\" data-widget_type=\"heading.default\">\n\t\t\t\t\t<h4 class=\"elementor-heading-title elementor-size-default\">Anwendbares Recht und Gerichtsbarkeit<\/h4>\t\t\t\t<\/div>\n\t\t\t\t<div class=\"elementor-element elementor-element-56e30816 elementor-widget elementor-widget-text-editor\" data-id=\"56e30816\" data-element_type=\"widget\" data-e-type=\"widget\" data-widget_type=\"text-editor.default\">\n\t\t\t\t\t\t\t\t\t<p>Die Bedingungen, die diese Website regeln, sowie die Beziehungen, die daraus entstehen k\u00f6nnen, sind gesch\u00fctzt und unterliegen dem spanischen Recht. F\u00fcr die Beilegung jeglicher Art von Kontroversen, Streitigkeiten oder Unstimmigkeiten, die zwischen dem BENUTZER und <b>Empuriaport S.L. <\/b>aufgrund der Nutzung dieser Website entstehen k\u00f6nnten, wird vereinbart, diese den Gerichten und Tribunalen von Girona, Spanien, zu \u00fcbergeben. <\/p>\t\t\t\t\t\t\t\t<\/div>\n\t\t\t\t\t<\/div>\n\t\t\t\t<\/div>\n\t\t\t\t<\/div>\n\t\t","protected":false},"excerpt":{"rendered":"<p>Die Tatsache, dass Sie auf diese Website zugreifen, setzt die Kenntnis und die Akzeptanz der folgenden Bedingungen voraus, und die Bedingung, die Website zu nutzen und auf sie zuzugreifen, setzt die uneingeschr\u00e4nkte Akzeptanz voraus. Falls der Nutzer die in diesem rechtlichen Hinweis festgelegten Klauseln nicht akzeptiert, muss er auf den Zugriff und\/oder die Nutzung der [&hellip;]<\/p>\n","protected":false},"author":1,"featured_media":0,"parent":0,"menu_order":0,"comment_status":"closed","ping_status":"closed","template":"","meta":{"footnotes":""},"class_list":["post-1552","page","type-page","status-publish","hentry"],"yoast_head":"<!-- This site is optimized with the Yoast SEO plugin v27.4 - https:\/\/yoast.com\/product\/yoast-seo-wordpress\/ -->\n<title>Rechtlicher Hinweis - Marina Empuriabrava<\/title>\n<meta name=\"robots\" content=\"noindex, nofollow\" \/>\n<meta property=\"og:locale\" content=\"de_DE\" \/>\n<meta property=\"og:type\" content=\"article\" \/>\n<meta property=\"og:title\" content=\"Rechtlicher Hinweis - Marina Empuriabrava\" \/>\n<meta property=\"og:description\" content=\"Die Tatsache, dass Sie auf diese Website zugreifen, setzt die Kenntnis und die Akzeptanz der folgenden Bedingungen voraus, und die Bedingung, die Website zu nutzen und auf sie zuzugreifen, setzt die uneingeschr\u00e4nkte Akzeptanz voraus. Falls der Nutzer die in diesem rechtlichen Hinweis festgelegten Klauseln nicht akzeptiert, muss er auf den Zugriff und\/oder die Nutzung der [&hellip;]\" \/>\n<meta property=\"og:url\" content=\"https:\/\/marinaempuriabrava.es\/de\/rechtlicher-hinweis\/\" \/>\n<meta property=\"og:site_name\" content=\"Marina Empuriabrava\" \/>\n<meta property=\"article:modified_time\" content=\"2025-07-22T16:31:30+00:00\" \/>\n<meta name=\"twitter:card\" content=\"summary_large_image\" \/>\n<meta name=\"twitter:label1\" content=\"Gesch\u00e4tzte Lesezeit\" \/>\n\t<meta name=\"twitter:data1\" content=\"6\u00a0Minuten\" \/>\n<script type=\"application\/ld+json\" class=\"yoast-schema-graph\">{\"@context\":\"https:\\\/\\\/schema.org\",\"@graph\":[{\"@type\":\"WebPage\",\"@id\":\"https:\\\/\\\/marinaempuriabrava.es\\\/de\\\/rechtlicher-hinweis\\\/\",\"url\":\"https:\\\/\\\/marinaempuriabrava.es\\\/de\\\/rechtlicher-hinweis\\\/\",\"name\":\"Rechtlicher Hinweis - Marina Empuriabrava\",\"isPartOf\":{\"@id\":\"https:\\\/\\\/marinaempuriabrava.es\\\/de\\\/#website\"},\"datePublished\":\"2025-07-08T15:27:31+00:00\",\"dateModified\":\"2025-07-22T16:31:30+00:00\",\"breadcrumb\":{\"@id\":\"https:\\\/\\\/marinaempuriabrava.es\\\/de\\\/rechtlicher-hinweis\\\/#breadcrumb\"},\"inLanguage\":\"de\",\"potentialAction\":[{\"@type\":\"ReadAction\",\"target\":[\"https:\\\/\\\/marinaempuriabrava.es\\\/de\\\/rechtlicher-hinweis\\\/\"]}]},{\"@type\":\"BreadcrumbList\",\"@id\":\"https:\\\/\\\/marinaempuriabrava.es\\\/de\\\/rechtlicher-hinweis\\\/#breadcrumb\",\"itemListElement\":[{\"@type\":\"ListItem\",\"position\":1,\"name\":\"Portada\",\"item\":\"https:\\\/\\\/marinaempuriabrava.es\\\/de\\\/home\\\/\"},{\"@type\":\"ListItem\",\"position\":2,\"name\":\"Rechtlicher Hinweis\"}]},{\"@type\":\"WebSite\",\"@id\":\"https:\\\/\\\/marinaempuriabrava.es\\\/de\\\/#website\",\"url\":\"https:\\\/\\\/marinaempuriabrava.es\\\/de\\\/\",\"name\":\"Marina Empuriabrava\",\"description\":\"Un puerto diferente en plena Costa Brava\",\"publisher\":{\"@id\":\"https:\\\/\\\/marinaempuriabrava.es\\\/de\\\/#organization\"},\"potentialAction\":[{\"@type\":\"SearchAction\",\"target\":{\"@type\":\"EntryPoint\",\"urlTemplate\":\"https:\\\/\\\/marinaempuriabrava.es\\\/de\\\/?s={search_term_string}\"},\"query-input\":{\"@type\":\"PropertyValueSpecification\",\"valueRequired\":true,\"valueName\":\"search_term_string\"}}],\"inLanguage\":\"de\"},{\"@type\":\"Organization\",\"@id\":\"https:\\\/\\\/marinaempuriabrava.es\\\/de\\\/#organization\",\"name\":\"Marina Empuriabrava\",\"url\":\"https:\\\/\\\/marinaempuriabrava.es\\\/de\\\/\",\"logo\":{\"@type\":\"ImageObject\",\"inLanguage\":\"de\",\"@id\":\"https:\\\/\\\/marinaempuriabrava.es\\\/de\\\/#\\\/schema\\\/logo\\\/image\\\/\",\"url\":\"https:\\\/\\\/marinaempuriabrava.es\\\/wp-content\\\/uploads\\\/2025\\\/07\\\/Logo_Final_Empuriabrava_RGB_Logo-Principal-Marina-Empuriabrava.svg\",\"contentUrl\":\"https:\\\/\\\/marinaempuriabrava.es\\\/wp-content\\\/uploads\\\/2025\\\/07\\\/Logo_Final_Empuriabrava_RGB_Logo-Principal-Marina-Empuriabrava.svg\",\"width\":1200,\"height\":1200,\"caption\":\"Marina Empuriabrava\"},\"image\":{\"@id\":\"https:\\\/\\\/marinaempuriabrava.es\\\/de\\\/#\\\/schema\\\/logo\\\/image\\\/\"}}]}<\/script>\n<!-- \/ Yoast SEO plugin. -->","yoast_head_json":{"title":"Rechtlicher Hinweis - Marina Empuriabrava","robots":{"index":"noindex","follow":"nofollow"},"og_locale":"de_DE","og_type":"article","og_title":"Rechtlicher Hinweis - Marina Empuriabrava","og_description":"Die Tatsache, dass Sie auf diese Website zugreifen, setzt die Kenntnis und die Akzeptanz der folgenden Bedingungen voraus, und die Bedingung, die Website zu nutzen und auf sie zuzugreifen, setzt die uneingeschr\u00e4nkte Akzeptanz voraus. Falls der Nutzer die in diesem rechtlichen Hinweis festgelegten Klauseln nicht akzeptiert, muss er auf den Zugriff und\/oder die Nutzung der [&hellip;]","og_url":"https:\/\/marinaempuriabrava.es\/de\/rechtlicher-hinweis\/","og_site_name":"Marina Empuriabrava","article_modified_time":"2025-07-22T16:31:30+00:00","twitter_card":"summary_large_image","twitter_misc":{"Gesch\u00e4tzte Lesezeit":"6\u00a0Minuten"},"schema":{"@context":"https:\/\/schema.org","@graph":[{"@type":"WebPage","@id":"https:\/\/marinaempuriabrava.es\/de\/rechtlicher-hinweis\/","url":"https:\/\/marinaempuriabrava.es\/de\/rechtlicher-hinweis\/","name":"Rechtlicher Hinweis - Marina Empuriabrava","isPartOf":{"@id":"https:\/\/marinaempuriabrava.es\/de\/#website"},"datePublished":"2025-07-08T15:27:31+00:00","dateModified":"2025-07-22T16:31:30+00:00","breadcrumb":{"@id":"https:\/\/marinaempuriabrava.es\/de\/rechtlicher-hinweis\/#breadcrumb"},"inLanguage":"de","potentialAction":[{"@type":"ReadAction","target":["https:\/\/marinaempuriabrava.es\/de\/rechtlicher-hinweis\/"]}]},{"@type":"BreadcrumbList","@id":"https:\/\/marinaempuriabrava.es\/de\/rechtlicher-hinweis\/#breadcrumb","itemListElement":[{"@type":"ListItem","position":1,"name":"Portada","item":"https:\/\/marinaempuriabrava.es\/de\/home\/"},{"@type":"ListItem","position":2,"name":"Rechtlicher Hinweis"}]},{"@type":"WebSite","@id":"https:\/\/marinaempuriabrava.es\/de\/#website","url":"https:\/\/marinaempuriabrava.es\/de\/","name":"Marina Empuriabrava","description":"Un puerto diferente en plena Costa Brava","publisher":{"@id":"https:\/\/marinaempuriabrava.es\/de\/#organization"},"potentialAction":[{"@type":"SearchAction","target":{"@type":"EntryPoint","urlTemplate":"https:\/\/marinaempuriabrava.es\/de\/?s={search_term_string}"},"query-input":{"@type":"PropertyValueSpecification","valueRequired":true,"valueName":"search_term_string"}}],"inLanguage":"de"},{"@type":"Organization","@id":"https:\/\/marinaempuriabrava.es\/de\/#organization","name":"Marina Empuriabrava","url":"https:\/\/marinaempuriabrava.es\/de\/","logo":{"@type":"ImageObject","inLanguage":"de","@id":"https:\/\/marinaempuriabrava.es\/de\/#\/schema\/logo\/image\/","url":"https:\/\/marinaempuriabrava.es\/wp-content\/uploads\/2025\/07\/Logo_Final_Empuriabrava_RGB_Logo-Principal-Marina-Empuriabrava.svg","contentUrl":"https:\/\/marinaempuriabrava.es\/wp-content\/uploads\/2025\/07\/Logo_Final_Empuriabrava_RGB_Logo-Principal-Marina-Empuriabrava.svg","width":1200,"height":1200,"caption":"Marina Empuriabrava"},"image":{"@id":"https:\/\/marinaempuriabrava.es\/de\/#\/schema\/logo\/image\/"}}]}},"_links":{"self":[{"href":"https:\/\/marinaempuriabrava.es\/de\/wp-json\/wp\/v2\/pages\/1552","targetHints":{"allow":["GET"]}}],"collection":[{"href":"https:\/\/marinaempuriabrava.es\/de\/wp-json\/wp\/v2\/pages"}],"about":[{"href":"https:\/\/marinaempuriabrava.es\/de\/wp-json\/wp\/v2\/types\/page"}],"author":[{"embeddable":true,"href":"https:\/\/marinaempuriabrava.es\/de\/wp-json\/wp\/v2\/users\/1"}],"replies":[{"embeddable":true,"href":"https:\/\/marinaempuriabrava.es\/de\/wp-json\/wp\/v2\/comments?post=1552"}],"version-history":[{"count":1,"href":"https:\/\/marinaempuriabrava.es\/de\/wp-json\/wp\/v2\/pages\/1552\/revisions"}],"predecessor-version":[{"id":1553,"href":"https:\/\/marinaempuriabrava.es\/de\/wp-json\/wp\/v2\/pages\/1552\/revisions\/1553"}],"wp:attachment":[{"href":"https:\/\/marinaempuriabrava.es\/de\/wp-json\/wp\/v2\/media?parent=1552"}],"curies":[{"name":"wp","href":"https:\/\/api.w.org\/{rel}","templated":true}]}}