{"id":1550,"date":"2025-07-08T17:27:31","date_gmt":"2025-07-08T15:27:31","guid":{"rendered":"https:\/\/marinaempuriabrava.es\/avis-juridique\/"},"modified":"2025-07-22T18:31:11","modified_gmt":"2025-07-22T16:31:11","slug":"avis-juridique","status":"publish","type":"page","link":"https:\/\/marinaempuriabrava.es\/fr\/avis-juridique\/","title":{"rendered":"Avis juridique"},"content":{"rendered":"\t\t<div data-elementor-type=\"wp-page\" data-elementor-id=\"1550\" class=\"elementor elementor-1550 elementor-209\" data-elementor-post-type=\"page\">\n\t\t\t\t<div class=\"elementor-element elementor-element-6f5f7cfc e-flex e-con-boxed e-con e-parent\" data-id=\"6f5f7cfc\" data-element_type=\"container\" data-e-type=\"container\">\n\t\t\t\t\t<div class=\"e-con-inner\">\n\t\t\t\t<div class=\"elementor-element elementor-element-7a7433fb elementor-widget elementor-widget-text-editor\" data-id=\"7a7433fb\" data-element_type=\"widget\" data-e-type=\"widget\" data-widget_type=\"text-editor.default\">\n\t\t\t\t\t\t\t\t\t<p>Le fait d&rsquo;acc\u00e9der \u00e0 ce site web implique la connaissance et l&rsquo;acceptation des termes et conditions suivants et attribue la condition d&rsquo;utilisateur du site web et l&rsquo;acc\u00e8s \u00e0 celui-ci implique l&rsquo;acceptation sans r\u00e9serve. En cas de non-acceptation des clauses \u00e9tablies dans le pr\u00e9sent avis juridique, l&rsquo;utilisateur doit s&rsquo;abstenir d&rsquo;acc\u00e9der et\/ou d&rsquo;utiliser les services et\/ou les contenus mis \u00e0 disposition sur le site web, et doit quitter le site web. <\/p>\t\t\t\t\t\t\t\t<\/div>\n\t\t\t\t<div class=\"elementor-element elementor-element-732324b9 elementor-widget elementor-widget-heading\" data-id=\"732324b9\" data-element_type=\"widget\" data-e-type=\"widget\" data-widget_type=\"heading.default\">\n\t\t\t\t\t<h4 class=\"elementor-heading-title elementor-size-default\">Propri\u00e9t\u00e9 du site web  <\/h4>\t\t\t\t<\/div>\n\t\t\t\t<div class=\"elementor-element elementor-element-7898fee elementor-widget elementor-widget-text-editor\" data-id=\"7898fee\" data-element_type=\"widget\" data-e-type=\"widget\" data-widget_type=\"text-editor.default\">\n\t\t\t\t\t\t\t\t\t<p>EMPURIAPORT S.L., conform\u00e9ment aux dispositions de l&rsquo;article 10 de la loi 34\/2002, du 11 juillet, sur les services de la soci\u00e9t\u00e9 de l&rsquo;information et du commerce \u00e9lectronique (LSSI-CE), vous informe des donn\u00e9es d&rsquo;identification relatives au site web <strong>marinaempuriabrava.es.<\/strong><\/p><ul><li>RAISON SOCIALE : EMPURIAPORT S.L.<\/li><li>SI\u00c8GE SOCIAL : SECTOR CLUB NAUTIC EDIFICI CAPITANIA S\/N. 17487-CASTELL\u00d3 D&rsquo;EMP\u00daRIES<\/li><li>T\u00c9L\u00c9PHONE : +34 972 451 239<\/li><li>N\u00b0 DE TVA : B 17159443<\/li><li>E-MAIL G\u00c9N\u00c9RAL : info@marinaempuriabrava.es<\/li><\/ul>\t\t\t\t\t\t\t\t<\/div>\n\t\t\t\t<div class=\"elementor-element elementor-element-40c36c5b elementor-widget-divider--view-line elementor-widget elementor-widget-divider\" data-id=\"40c36c5b\" data-element_type=\"widget\" data-e-type=\"widget\" data-widget_type=\"divider.default\">\n\t\t\t\t\t\t\t<div class=\"elementor-divider\">\n\t\t\t<span class=\"elementor-divider-separator\">\n\t\t\t\t\t\t<\/span>\n\t\t<\/div>\n\t\t\t\t\t\t<\/div>\n\t\t\t\t<div class=\"elementor-element elementor-element-25c1084e elementor-widget elementor-widget-heading\" data-id=\"25c1084e\" data-element_type=\"widget\" data-e-type=\"widget\" data-widget_type=\"heading.default\">\n\t\t\t\t\t<h2 class=\"elementor-heading-title elementor-size-default\">Conditions d'utilisation<\/h2>\t\t\t\t<\/div>\n\t\t\t\t<div class=\"elementor-element elementor-element-458bfbb5 elementor-widget elementor-widget-heading\" data-id=\"458bfbb5\" data-element_type=\"widget\" data-e-type=\"widget\" data-widget_type=\"heading.default\">\n\t\t\t\t\t<h4 class=\"elementor-heading-title elementor-size-default\">Utilisateurs<\/h4>\t\t\t\t<\/div>\n\t\t\t\t<div class=\"elementor-element elementor-element-7ff73c09 elementor-widget elementor-widget-text-editor\" data-id=\"7ff73c09\" data-element_type=\"widget\" data-e-type=\"widget\" data-widget_type=\"text-editor.default\">\n\t\t\t\t\t\t\t\t\t<p>L&rsquo;acc\u00e8s et\/ou l&rsquo;utilisation de ce portail d&rsquo;<strong>Empuriaport S.L.<\/strong> attribue la condition d&rsquo;UTILISATEUR, qui accepte, \u00e0 partir de cet acc\u00e8s et\/ou de cette utilisation, les Conditions g\u00e9n\u00e9rales d&rsquo;utilisation refl\u00e9t\u00e9es dans le pr\u00e9sent document. Les conditions susmentionn\u00e9es sont applicables ind\u00e9pendamment des conditions g\u00e9n\u00e9rales de contrat qui, le cas \u00e9ch\u00e9ant, sont obligatoires. <\/p>\t\t\t\t\t\t\t\t<\/div>\n\t\t\t\t<div class=\"elementor-element elementor-element-167c0c37 elementor-widget elementor-widget-heading\" data-id=\"167c0c37\" data-element_type=\"widget\" data-e-type=\"widget\" data-widget_type=\"heading.default\">\n\t\t\t\t\t<h4 class=\"elementor-heading-title elementor-size-default\">Utilisation du site web<\/h4>\t\t\t\t<\/div>\n\t\t\t\t<div class=\"elementor-element elementor-element-16c10c26 elementor-widget elementor-widget-text-editor\" data-id=\"16c10c26\" data-element_type=\"widget\" data-e-type=\"widget\" data-widget_type=\"text-editor.default\">\n\t\t\t\t\t\t\t\t\t<p><strong>Marinaempuriabrava.es<\/strong> donne acc\u00e8s \u00e0 une multitude d&rsquo;informations, de services ou de donn\u00e9es (ci-apr\u00e8s, \u00ab\u00a0les contenus\u00a0\u00bb) sur Internet appartenant \u00e0 <b>Empuriaport S.L. <\/b>auxquels l&rsquo;UTILISATEUR peut avoir acc\u00e8s. L&rsquo;UTILISATEUR assume la responsabilit\u00e9 de l&rsquo;utilisation du portail. Cette responsabilit\u00e9 s&rsquo;\u00e9tend \u00e0 l&rsquo;enregistrement qu&rsquo;il peut \u00eatre n\u00e9cessaire de r\u00e9aliser pour acc\u00e9der \u00e0 certains services ou contenus.  <\/p><p>Lors de cet enregistrement, l&rsquo;UTILISATEUR est tenu de fournir des informations v\u00e9ridiques et licites. En cons\u00e9quence de cet enregistrement, l&rsquo;UTILISATEUR peut se voir attribuer un mot de passe dont il est responsable et qu&rsquo;il s&rsquo;engage \u00e0 utiliser de mani\u00e8re diligente et confidentielle. L&rsquo;UTILISATEUR s&rsquo;engage \u00e0 faire un usage appropri\u00e9 des contenus et des services (tels que les services de chat, les forums de discussion ou les groupes de discussion) qu&rsquo;<b>Empuriaport S.L.<\/b> propose \u00e0 travers son portail et, par le biais de son site Web, \u00e0 fournir des informations v\u00e9ridiques et licites <b>.<\/b> \u00e0 travers son portail et, \u00e0 titre d&rsquo;exemple non limitatif, \u00e0 ne pas les utiliser pour (I) r\u00e9aliser des activit\u00e9s illicites, ill\u00e9gales ou contraires \u00e0 la bonne foi et \u00e0 l&rsquo;ordre public ; (II) diffuser des contenus ou de la propagande \u00e0 caract\u00e8re raciste, x\u00e9nophobe, pornographique, ill\u00e9gal, faisant l&rsquo;apologie du terrorisme ou contraire aux droits de l&rsquo;homme ; (III) causer des dommages aux syst\u00e8mes physiques et logiques d&rsquo;<b>Empuriaport S.L.,<\/b> de ses fournisseurs ou de tiers, introduire des informations sur des sites Web ou des sites Internet de tiers ; (IV) utiliser le site Web d&rsquo;<b>Empuriaport S.L.<\/b> comme moyen de communication avec d&rsquo;autres utilisateurs <b>,<\/b> de ses fournisseurs ou de tiers, introduire ou diffuser des virus informatiques ou tout autre syst\u00e8me physique ou logique susceptible de causer les dommages susmentionn\u00e9s ; (IV) tenter d&rsquo;acc\u00e9der et, le cas \u00e9ch\u00e9ant, d&rsquo;utiliser les comptes de courrier \u00e9lectronique d&rsquo;autres utilisateurs et de modifier ou de manipuler leurs messages.     <\/p><p><b>Empuriaport S.L.<\/b> se r\u00e9serve le droit de supprimer les commentaires et les contributions qui ne respectent pas la dignit\u00e9 de la personne, qui sont discriminatoires, x\u00e9nophobes, racistes, pornographiques, qui portent atteinte \u00e0 la jeunesse ou \u00e0 l&rsquo;enfance, \u00e0 l&rsquo;ordre ou \u00e0 la s\u00e9curit\u00e9 publique ou qui, \u00e0 son avis, ne sont pas appropri\u00e9s \u00e0 la publication. Dans tous les cas, <b>Empuriaport S.L.<\/b> ne sera pas responsable des opinions exprim\u00e9es par les utilisateurs \u00e0 travers les forums, les chats ou d&rsquo;autres outils de participation. <\/p>\t\t\t\t\t\t\t\t<\/div>\n\t\t\t\t<div class=\"elementor-element elementor-element-2661e5d0 elementor-widget elementor-widget-heading\" data-id=\"2661e5d0\" data-element_type=\"widget\" data-e-type=\"widget\" data-widget_type=\"heading.default\">\n\t\t\t\t\t<h4 class=\"elementor-heading-title elementor-size-default\">Propri\u00e9t\u00e9 intellectuelle et industrielle<\/h4>\t\t\t\t<\/div>\n\t\t\t\t<div class=\"elementor-element elementor-element-6d1be6af elementor-widget elementor-widget-text-editor\" data-id=\"6d1be6af\" data-element_type=\"widget\" data-e-type=\"widget\" data-widget_type=\"text-editor.default\">\n\t\t\t\t\t\t\t\t\t<p><b>Empuriaport<\/b> <b>S.L.<\/b> est titulaire, en son nom propre ou en tant que cessionnaire, de tous les droits de propri\u00e9t\u00e9 intellectuelle et industrielle de son site Web, ainsi que des \u00e9l\u00e9ments qu&rsquo;il contient (y compris, mais sans s&rsquo;y limiter, les images, le son, l&rsquo;audio, la vid\u00e9o, les logiciels ou les textes ; les marques ou les logos, les combinaisons de couleurs, la structure et la conception, la s\u00e9lection des mat\u00e9riaux utilis\u00e9s, les programmes informatiques n\u00e9cessaires \u00e0 son fonctionnement, \u00e0 son acc\u00e8s et \u00e0 son utilisation, etc.<\/p><p><strong>Tous droits r\u00e9serv\u00e9s :<\/strong> Conform\u00e9ment aux dispositions des articles 8 et 32.1, deuxi\u00e8me alin\u00e9a, de la loi sur la propri\u00e9t\u00e9 intellectuelle, la reproduction, la distribution et la communication publique, y compris la mise \u00e0 disposition, de tout ou partie du contenu de ce site Web, \u00e0 des fins commerciales, sur tout support et par tout moyen technique, sans l&rsquo;autorisation d&rsquo;<b>Empuriaport S.L.,<\/b> sont express\u00e9ment interdites. L&rsquo;UTILISATEUR s&rsquo;engage \u00e0 respecter les droits de propri\u00e9t\u00e9 intellectuelle et industrielle d&rsquo;<b>Empuriaport S.L..<\/b> Il peut visualiser les \u00e9l\u00e9ments du portail et m\u00eame les imprimer, les copier et les stocker sur le disque dur de son ordinateur ou sur tout autre support physique, \u00e0 condition que ce soit uniquement et exclusivement pour son usage personnel et priv\u00e9. L&rsquo;UTILISATEUR s&rsquo;abstiendra de supprimer, d&rsquo;alt\u00e9rer, d&rsquo;\u00e9luder ou de manipuler tout dispositif de protection ou syst\u00e8me de s\u00e9curit\u00e9 install\u00e9 sur les pages d&rsquo;<b>Empuriaport S.L..<\/b>   <\/p>\t\t\t\t\t\t\t\t<\/div>\n\t\t\t\t<div class=\"elementor-element elementor-element-4c79e540 elementor-widget elementor-widget-heading\" data-id=\"4c79e540\" data-element_type=\"widget\" data-e-type=\"widget\" data-widget_type=\"heading.default\">\n\t\t\t\t\t<h4 class=\"elementor-heading-title elementor-size-default\">Exclusion de garantie et de responsabilit\u00e9<\/h4>\t\t\t\t<\/div>\n\t\t\t\t<div class=\"elementor-element elementor-element-313df59 elementor-widget elementor-widget-text-editor\" data-id=\"313df59\" data-element_type=\"widget\" data-e-type=\"widget\" data-widget_type=\"text-editor.default\">\n\t\t\t\t\t\t\t\t\t<p><b>Empuriaport S.L.<\/b> n&rsquo;est en aucun cas responsable des dommages de toute nature pouvant \u00eatre caus\u00e9s par, mais sans s&rsquo;y limiter : des erreurs ou des omissions dans les contenus, le manque de disponibilit\u00e9 du portail ou la transmission de virus ou de programmes malveillants ou nuisibles dans les contenus, bien qu&rsquo;elle ait pris toutes les mesures technologiques n\u00e9cessaires pour l&rsquo;\u00e9viter.<\/p>\t\t\t\t\t\t\t\t<\/div>\n\t\t\t\t<div class=\"elementor-element elementor-element-53a1c39e elementor-widget elementor-widget-heading\" data-id=\"53a1c39e\" data-element_type=\"widget\" data-e-type=\"widget\" data-widget_type=\"heading.default\">\n\t\t\t\t\t<h4 class=\"elementor-heading-title elementor-size-default\">Modifications<\/h4>\t\t\t\t<\/div>\n\t\t\t\t<div class=\"elementor-element elementor-element-301fbe83 elementor-widget elementor-widget-text-editor\" data-id=\"301fbe83\" data-element_type=\"widget\" data-e-type=\"widget\" data-widget_type=\"text-editor.default\">\n\t\t\t\t\t\t\t\t\t<p><strong><b>Empuriaport S.L.<\/b> <\/strong>se r\u00e9serve le droit d&rsquo;apporter des modifications inopin\u00e9es qu&rsquo;elle juge opportunes \u00e0 son site Web, et peut modifier, supprimer ou ajouter des contenus et des services fournis par le biais de la m\u00eame mani\u00e8re que la fa\u00e7on dont ils sont pr\u00e9sent\u00e9s ou situ\u00e9s sur son site Web.<\/p>\t\t\t\t\t\t\t\t<\/div>\n\t\t\t\t<div class=\"elementor-element elementor-element-cc59cca elementor-widget elementor-widget-heading\" data-id=\"cc59cca\" data-element_type=\"widget\" data-e-type=\"widget\" data-widget_type=\"heading.default\">\n\t\t\t\t\t<h4 class=\"elementor-heading-title elementor-size-default\">Liens<\/h4>\t\t\t\t<\/div>\n\t\t\t\t<div class=\"elementor-element elementor-element-4afa0cb1 elementor-widget elementor-widget-text-editor\" data-id=\"4afa0cb1\" data-element_type=\"widget\" data-e-type=\"widget\" data-widget_type=\"text-editor.default\">\n\t\t\t\t\t\t\t\t\t<p>Au cas o\u00f9 <b>Empuriaport S.L.<\/b><strong> <\/strong>des liens ou des hyperliens vers d&rsquo;autres sites sur Internet, <b>Empuriaport S.L.<\/b><strong> <\/strong>n&rsquo;exerce aucun type de contr\u00f4le sur ces sites et leur contenu. <b>Empuriaport S.L.<\/b> n&rsquo;assume en aucun cas la responsabilit\u00e9 du contenu d&rsquo;un lien appartenant \u00e0 un site Web externe, ni ne garantit la disponibilit\u00e9 technique, la qualit\u00e9, la fiabilit\u00e9, l&rsquo;exactitude, l&rsquo;exhaustivit\u00e9, la pr\u00e9cision, la validit\u00e9 et la constitutionnalit\u00e9 de tout mat\u00e9riel ou information contenu dans ces hyperliens ou dans d&rsquo;autres sites Internet. <\/p><p>De m\u00eame, l&rsquo;inclusion de ces connexions externes n&rsquo;implique aucune forme d&rsquo;association, de fusion ou de participation avec les entit\u00e9s connect\u00e9es.<\/p>\t\t\t\t\t\t\t\t<\/div>\n\t\t\t\t<div class=\"elementor-element elementor-element-64513711 elementor-widget elementor-widget-heading\" data-id=\"64513711\" data-element_type=\"widget\" data-e-type=\"widget\" data-widget_type=\"heading.default\">\n\t\t\t\t\t<h4 class=\"elementor-heading-title elementor-size-default\">Droit d'exclusion<\/h4>\t\t\t\t<\/div>\n\t\t\t\t<div class=\"elementor-element elementor-element-5006dff1 elementor-widget elementor-widget-text-editor\" data-id=\"5006dff1\" data-element_type=\"widget\" data-e-type=\"widget\" data-widget_type=\"text-editor.default\">\n\t\t\t\t\t\t\t\t\t<p><b>Empuriaport S.L.<\/b> se r\u00e9serve le droit de refuser ou de retirer l&rsquo;acc\u00e8s au portail et\/ou aux services offerts sans pr\u00e9avis, \u00e0 sa propre demande ou \u00e0 la demande d&rsquo;un tiers, aux utilisateurs qui ne respectent pas les pr\u00e9sentes conditions g\u00e9n\u00e9rales d&rsquo;utilisation.<\/p>\t\t\t\t\t\t\t\t<\/div>\n\t\t\t\t<div class=\"elementor-element elementor-element-70599e72 elementor-widget__width-initial elementor-widget elementor-widget-heading\" data-id=\"70599e72\" data-element_type=\"widget\" data-e-type=\"widget\" data-widget_type=\"heading.default\">\n\t\t\t\t\t<h4 class=\"elementor-heading-title elementor-size-default\">G\u00e9n\u00e9ral<\/h4>\t\t\t\t<\/div>\n\t\t\t\t<div class=\"elementor-element elementor-element-3ebfc4a7 elementor-widget elementor-widget-text-editor\" data-id=\"3ebfc4a7\" data-element_type=\"widget\" data-e-type=\"widget\" data-widget_type=\"text-editor.default\">\n\t\t\t\t\t\t\t\t\t<p><strong><b>Empuriaport S.L.<\/b> <\/strong>poursuivra la violation de ces conditions, ainsi que toute utilisation impropre de son portail, en exer\u00e7ant toutes les actions civiles et p\u00e9nales qui peuvent lui correspondre en vertu de la loi.<\/p>\t\t\t\t\t\t\t\t<\/div>\n\t\t\t\t<div class=\"elementor-element elementor-element-3636813 elementor-widget elementor-widget-heading\" data-id=\"3636813\" data-element_type=\"widget\" data-e-type=\"widget\" data-widget_type=\"heading.default\">\n\t\t\t\t\t<h4 class=\"elementor-heading-title elementor-size-default\">Modification de ces conditions et dur\u00e9e<\/h4>\t\t\t\t<\/div>\n\t\t\t\t<div class=\"elementor-element elementor-element-7fae42c3 elementor-widget elementor-widget-text-editor\" data-id=\"7fae42c3\" data-element_type=\"widget\" data-e-type=\"widget\" data-widget_type=\"text-editor.default\">\n\t\t\t\t\t\t\t\t\t<p><b>Empuriaport S.L.<\/b> peut modifier \u00e0 tout moment les conditions d\u00e9termin\u00e9es ici, \u00e9tant d\u00fbment publi\u00e9es telles qu&rsquo;elles apparaissent ici.<\/p><p>La validit\u00e9 de ces conditions d\u00e9pend de leur exposition et reste en vigueur jusqu&rsquo;\u00e0 ce qu&rsquo;elles soient modifi\u00e9es par d&rsquo;autres conditions d\u00fbment publi\u00e9es.<\/p>\t\t\t\t\t\t\t\t<\/div>\n\t\t\t\t<div class=\"elementor-element elementor-element-4c85dfc elementor-widget elementor-widget-heading\" data-id=\"4c85dfc\" data-element_type=\"widget\" data-e-type=\"widget\" data-widget_type=\"heading.default\">\n\t\t\t\t\t<h4 class=\"elementor-heading-title elementor-size-default\">Droit applicable et juridiction<\/h4>\t\t\t\t<\/div>\n\t\t\t\t<div class=\"elementor-element elementor-element-56e30816 elementor-widget elementor-widget-text-editor\" data-id=\"56e30816\" data-element_type=\"widget\" data-e-type=\"widget\" data-widget_type=\"text-editor.default\">\n\t\t\t\t\t\t\t\t\t<p>Les termes et conditions qui r\u00e9gissent ce site Web, ainsi que les relations qui peuvent en d\u00e9couler, sont prot\u00e9g\u00e9s et soumis \u00e0 la loi espagnole. Pour la r\u00e9solution de tout type de controverse, litige ou diff\u00e9rend pouvant survenir entre l&rsquo;UTILISATEUR et <b>Empuriaport S.L. <\/b>suite \u00e0 l&rsquo;utilisation de ce site web, il est convenu de s&rsquo;en remettre aux Cours et Tribunaux de G\u00e9rone, Espagne. <\/p>\t\t\t\t\t\t\t\t<\/div>\n\t\t\t\t\t<\/div>\n\t\t\t\t<\/div>\n\t\t\t\t<\/div>\n\t\t","protected":false},"excerpt":{"rendered":"<p>Le fait d&rsquo;acc\u00e9der \u00e0 ce site web implique la connaissance et l&rsquo;acceptation des termes et conditions suivants et attribue la condition d&rsquo;utilisateur du site web et l&rsquo;acc\u00e8s \u00e0 celui-ci implique l&rsquo;acceptation sans r\u00e9serve. En cas de non-acceptation des clauses \u00e9tablies dans le pr\u00e9sent avis juridique, l&rsquo;utilisateur doit s&rsquo;abstenir d&rsquo;acc\u00e9der et\/ou d&rsquo;utiliser les services et\/ou les [&hellip;]<\/p>\n","protected":false},"author":1,"featured_media":0,"parent":0,"menu_order":0,"comment_status":"closed","ping_status":"closed","template":"","meta":{"footnotes":""},"class_list":["post-1550","page","type-page","status-publish","hentry"],"yoast_head":"<!-- This site is optimized with the Yoast SEO plugin v27.4 - https:\/\/yoast.com\/product\/yoast-seo-wordpress\/ -->\n<title>Avis juridique - Marina Empuriabrava<\/title>\n<meta name=\"robots\" content=\"noindex, nofollow\" \/>\n<meta property=\"og:locale\" content=\"fr_FR\" \/>\n<meta property=\"og:type\" content=\"article\" \/>\n<meta property=\"og:title\" content=\"Avis juridique - Marina Empuriabrava\" \/>\n<meta property=\"og:description\" content=\"Le fait d&rsquo;acc\u00e9der \u00e0 ce site web implique la connaissance et l&rsquo;acceptation des termes et conditions suivants et attribue la condition d&rsquo;utilisateur du site web et l&rsquo;acc\u00e8s \u00e0 celui-ci implique l&rsquo;acceptation sans r\u00e9serve. En cas de non-acceptation des clauses \u00e9tablies dans le pr\u00e9sent avis juridique, l&rsquo;utilisateur doit s&rsquo;abstenir d&rsquo;acc\u00e9der et\/ou d&rsquo;utiliser les services et\/ou les [&hellip;]\" \/>\n<meta property=\"og:url\" content=\"https:\/\/marinaempuriabrava.es\/fr\/avis-juridique\/\" \/>\n<meta property=\"og:site_name\" content=\"Marina Empuriabrava\" \/>\n<meta property=\"article:modified_time\" content=\"2025-07-22T16:31:11+00:00\" \/>\n<meta name=\"twitter:card\" content=\"summary_large_image\" \/>\n<meta name=\"twitter:label1\" content=\"Dur\u00e9e de lecture estim\u00e9e\" \/>\n\t<meta name=\"twitter:data1\" content=\"7 minutes\" \/>\n<script type=\"application\/ld+json\" class=\"yoast-schema-graph\">{\"@context\":\"https:\\\/\\\/schema.org\",\"@graph\":[{\"@type\":\"WebPage\",\"@id\":\"https:\\\/\\\/marinaempuriabrava.es\\\/fr\\\/avis-juridique\\\/\",\"url\":\"https:\\\/\\\/marinaempuriabrava.es\\\/fr\\\/avis-juridique\\\/\",\"name\":\"Avis juridique - Marina Empuriabrava\",\"isPartOf\":{\"@id\":\"https:\\\/\\\/marinaempuriabrava.es\\\/fr\\\/#website\"},\"datePublished\":\"2025-07-08T15:27:31+00:00\",\"dateModified\":\"2025-07-22T16:31:11+00:00\",\"breadcrumb\":{\"@id\":\"https:\\\/\\\/marinaempuriabrava.es\\\/fr\\\/avis-juridique\\\/#breadcrumb\"},\"inLanguage\":\"fr-FR\",\"potentialAction\":[{\"@type\":\"ReadAction\",\"target\":[\"https:\\\/\\\/marinaempuriabrava.es\\\/fr\\\/avis-juridique\\\/\"]}]},{\"@type\":\"BreadcrumbList\",\"@id\":\"https:\\\/\\\/marinaempuriabrava.es\\\/fr\\\/avis-juridique\\\/#breadcrumb\",\"itemListElement\":[{\"@type\":\"ListItem\",\"position\":1,\"name\":\"Portada\",\"item\":\"https:\\\/\\\/marinaempuriabrava.es\\\/fr\\\/accueil\\\/\"},{\"@type\":\"ListItem\",\"position\":2,\"name\":\"Avis juridique\"}]},{\"@type\":\"WebSite\",\"@id\":\"https:\\\/\\\/marinaempuriabrava.es\\\/fr\\\/#website\",\"url\":\"https:\\\/\\\/marinaempuriabrava.es\\\/fr\\\/\",\"name\":\"Marina Empuriabrava\",\"description\":\"Un puerto diferente en plena Costa Brava\",\"publisher\":{\"@id\":\"https:\\\/\\\/marinaempuriabrava.es\\\/fr\\\/#organization\"},\"potentialAction\":[{\"@type\":\"SearchAction\",\"target\":{\"@type\":\"EntryPoint\",\"urlTemplate\":\"https:\\\/\\\/marinaempuriabrava.es\\\/fr\\\/?s={search_term_string}\"},\"query-input\":{\"@type\":\"PropertyValueSpecification\",\"valueRequired\":true,\"valueName\":\"search_term_string\"}}],\"inLanguage\":\"fr-FR\"},{\"@type\":\"Organization\",\"@id\":\"https:\\\/\\\/marinaempuriabrava.es\\\/fr\\\/#organization\",\"name\":\"Marina Empuriabrava\",\"url\":\"https:\\\/\\\/marinaempuriabrava.es\\\/fr\\\/\",\"logo\":{\"@type\":\"ImageObject\",\"inLanguage\":\"fr-FR\",\"@id\":\"https:\\\/\\\/marinaempuriabrava.es\\\/fr\\\/#\\\/schema\\\/logo\\\/image\\\/\",\"url\":\"https:\\\/\\\/marinaempuriabrava.es\\\/wp-content\\\/uploads\\\/2025\\\/07\\\/Logo_Final_Empuriabrava_RGB_Logo-Principal-Marina-Empuriabrava.svg\",\"contentUrl\":\"https:\\\/\\\/marinaempuriabrava.es\\\/wp-content\\\/uploads\\\/2025\\\/07\\\/Logo_Final_Empuriabrava_RGB_Logo-Principal-Marina-Empuriabrava.svg\",\"width\":1200,\"height\":1200,\"caption\":\"Marina Empuriabrava\"},\"image\":{\"@id\":\"https:\\\/\\\/marinaempuriabrava.es\\\/fr\\\/#\\\/schema\\\/logo\\\/image\\\/\"}}]}<\/script>\n<!-- \/ Yoast SEO plugin. -->","yoast_head_json":{"title":"Avis juridique - Marina Empuriabrava","robots":{"index":"noindex","follow":"nofollow"},"og_locale":"fr_FR","og_type":"article","og_title":"Avis juridique - Marina Empuriabrava","og_description":"Le fait d&rsquo;acc\u00e9der \u00e0 ce site web implique la connaissance et l&rsquo;acceptation des termes et conditions suivants et attribue la condition d&rsquo;utilisateur du site web et l&rsquo;acc\u00e8s \u00e0 celui-ci implique l&rsquo;acceptation sans r\u00e9serve. En cas de non-acceptation des clauses \u00e9tablies dans le pr\u00e9sent avis juridique, l&rsquo;utilisateur doit s&rsquo;abstenir d&rsquo;acc\u00e9der et\/ou d&rsquo;utiliser les services et\/ou les [&hellip;]","og_url":"https:\/\/marinaempuriabrava.es\/fr\/avis-juridique\/","og_site_name":"Marina Empuriabrava","article_modified_time":"2025-07-22T16:31:11+00:00","twitter_card":"summary_large_image","twitter_misc":{"Dur\u00e9e de lecture estim\u00e9e":"7 minutes"},"schema":{"@context":"https:\/\/schema.org","@graph":[{"@type":"WebPage","@id":"https:\/\/marinaempuriabrava.es\/fr\/avis-juridique\/","url":"https:\/\/marinaempuriabrava.es\/fr\/avis-juridique\/","name":"Avis juridique - Marina Empuriabrava","isPartOf":{"@id":"https:\/\/marinaempuriabrava.es\/fr\/#website"},"datePublished":"2025-07-08T15:27:31+00:00","dateModified":"2025-07-22T16:31:11+00:00","breadcrumb":{"@id":"https:\/\/marinaempuriabrava.es\/fr\/avis-juridique\/#breadcrumb"},"inLanguage":"fr-FR","potentialAction":[{"@type":"ReadAction","target":["https:\/\/marinaempuriabrava.es\/fr\/avis-juridique\/"]}]},{"@type":"BreadcrumbList","@id":"https:\/\/marinaempuriabrava.es\/fr\/avis-juridique\/#breadcrumb","itemListElement":[{"@type":"ListItem","position":1,"name":"Portada","item":"https:\/\/marinaempuriabrava.es\/fr\/accueil\/"},{"@type":"ListItem","position":2,"name":"Avis juridique"}]},{"@type":"WebSite","@id":"https:\/\/marinaempuriabrava.es\/fr\/#website","url":"https:\/\/marinaempuriabrava.es\/fr\/","name":"Marina Empuriabrava","description":"Un puerto diferente en plena Costa Brava","publisher":{"@id":"https:\/\/marinaempuriabrava.es\/fr\/#organization"},"potentialAction":[{"@type":"SearchAction","target":{"@type":"EntryPoint","urlTemplate":"https:\/\/marinaempuriabrava.es\/fr\/?s={search_term_string}"},"query-input":{"@type":"PropertyValueSpecification","valueRequired":true,"valueName":"search_term_string"}}],"inLanguage":"fr-FR"},{"@type":"Organization","@id":"https:\/\/marinaempuriabrava.es\/fr\/#organization","name":"Marina Empuriabrava","url":"https:\/\/marinaempuriabrava.es\/fr\/","logo":{"@type":"ImageObject","inLanguage":"fr-FR","@id":"https:\/\/marinaempuriabrava.es\/fr\/#\/schema\/logo\/image\/","url":"https:\/\/marinaempuriabrava.es\/wp-content\/uploads\/2025\/07\/Logo_Final_Empuriabrava_RGB_Logo-Principal-Marina-Empuriabrava.svg","contentUrl":"https:\/\/marinaempuriabrava.es\/wp-content\/uploads\/2025\/07\/Logo_Final_Empuriabrava_RGB_Logo-Principal-Marina-Empuriabrava.svg","width":1200,"height":1200,"caption":"Marina Empuriabrava"},"image":{"@id":"https:\/\/marinaempuriabrava.es\/fr\/#\/schema\/logo\/image\/"}}]}},"_links":{"self":[{"href":"https:\/\/marinaempuriabrava.es\/fr\/wp-json\/wp\/v2\/pages\/1550","targetHints":{"allow":["GET"]}}],"collection":[{"href":"https:\/\/marinaempuriabrava.es\/fr\/wp-json\/wp\/v2\/pages"}],"about":[{"href":"https:\/\/marinaempuriabrava.es\/fr\/wp-json\/wp\/v2\/types\/page"}],"author":[{"embeddable":true,"href":"https:\/\/marinaempuriabrava.es\/fr\/wp-json\/wp\/v2\/users\/1"}],"replies":[{"embeddable":true,"href":"https:\/\/marinaempuriabrava.es\/fr\/wp-json\/wp\/v2\/comments?post=1550"}],"version-history":[{"count":1,"href":"https:\/\/marinaempuriabrava.es\/fr\/wp-json\/wp\/v2\/pages\/1550\/revisions"}],"predecessor-version":[{"id":1551,"href":"https:\/\/marinaempuriabrava.es\/fr\/wp-json\/wp\/v2\/pages\/1550\/revisions\/1551"}],"wp:attachment":[{"href":"https:\/\/marinaempuriabrava.es\/fr\/wp-json\/wp\/v2\/media?parent=1550"}],"curies":[{"name":"wp","href":"https:\/\/api.w.org\/{rel}","templated":true}]}}